{"id":180293,"date":"2024-09-30T16:03:20","date_gmt":"2024-09-30T14:03:20","guid":{"rendered":"http:\/\/sdtiroler-siedlungen-new.local\/?page_id=180293"},"modified":"2025-04-13T18:00:50","modified_gmt":"2025-04-13T16:00:50","slug":"jenbach","status":"publish","type":"page","link":"https:\/\/www.suedtirolersiedlungen.eu\/it\/bundeslander\/tirol\/jenbach\/","title":{"rendered":"Jenbach"},"content":{"rendered":"\t\t<div data-elementor-type=\"wp-page\" data-elementor-id=\"180293\" class=\"elementor elementor-180293\" data-elementor-settings=\"{&quot;ha_cmc_init_switcher&quot;:&quot;no&quot;}\">\n\t\t\t\t<div class=\"elementor-element elementor-element-bebc073 e-flex e-con-boxed wpr-particle-no wpr-jarallax-no wpr-parallax-no wpr-sticky-section-no e-con e-parent\" data-id=\"bebc073\" data-element_type=\"container\" data-e-type=\"container\" data-settings=\"{&quot;_ha_eqh_enable&quot;:false}\">\n\t\t\t\t\t<div class=\"e-con-inner\">\n\t\t\t\t<div class=\"elementor-element elementor-element-76f064b elementor-align-right elementor-widget elementor-widget-button\" data-id=\"76f064b\" data-element_type=\"widget\" data-e-type=\"widget\" data-widget_type=\"button.default\">\n\t\t\t\t<div class=\"elementor-widget-container\">\n\t\t\t\t\t\t\t\t\t<div class=\"elementor-button-wrapper\">\n\t\t\t\t\t<a class=\"elementor-button elementor-button-link elementor-size-sm\" href=\"https:\/\/www.suedtirolersiedlungen.eu\/bundeslander\/tirol\/\">\n\t\t\t\t\t\t<span class=\"elementor-button-content-wrapper\">\n\t\t\t\t\t\t\t\t\t<span class=\"elementor-button-text\">\u2b05 Bundesland Tirol<\/span>\n\t\t\t\t\t<\/span>\n\t\t\t\t\t<\/a>\n\t\t\t\t<\/div>\n\t\t\t\t\t\t\t\t<\/div>\n\t\t\t\t<\/div>\n\t\t\t\t\t<\/div>\n\t\t\t\t<\/div>\n\t\t<div class=\"elementor-element elementor-element-07c0d23 e-flex e-con-boxed wpr-particle-no wpr-jarallax-no wpr-parallax-no wpr-sticky-section-no e-con e-parent\" data-id=\"07c0d23\" data-element_type=\"container\" data-e-type=\"container\" data-settings=\"{&quot;_ha_eqh_enable&quot;:false}\">\n\t\t\t\t\t<div class=\"e-con-inner\">\n\t\t\t\t<div class=\"elementor-element elementor-element-aaff374 elementor-widget elementor-widget-heading\" data-id=\"aaff374\" data-element_type=\"widget\" data-e-type=\"widget\" data-widget_type=\"heading.default\">\n\t\t\t\t<div class=\"elementor-widget-container\">\n\t\t\t\t\t<h2 class=\"elementor-heading-title elementor-size-default\">JENBACH<\/h2>\t\t\t\t<\/div>\n\t\t\t\t<\/div>\n\t\t<div class=\"elementor-element elementor-element-0421ce5 e-con-full e-flex wpr-particle-no wpr-jarallax-no wpr-parallax-no wpr-sticky-section-no e-con e-child\" data-id=\"0421ce5\" data-element_type=\"container\" data-e-type=\"container\" data-settings=\"{&quot;_ha_eqh_enable&quot;:false}\">\n\t\t<div class=\"elementor-element elementor-element-bf6b44b e-con-full e-flex wpr-particle-no wpr-jarallax-no wpr-parallax-no wpr-sticky-section-no e-con e-child\" data-id=\"bf6b44b\" data-element_type=\"container\" data-e-type=\"container\" data-settings=\"{&quot;_ha_eqh_enable&quot;:false}\">\n\t\t\t\t<div class=\"elementor-element elementor-element-108b749 elementor-widget__width-initial elementor-widget elementor-widget-n-accordion\" data-id=\"108b749\" data-element_type=\"widget\" data-e-type=\"widget\" data-settings=\"{&quot;default_state&quot;:&quot;all_collapsed&quot;,&quot;max_items_expended&quot;:&quot;one&quot;,&quot;n_accordion_animation_duration&quot;:{&quot;unit&quot;:&quot;ms&quot;,&quot;size&quot;:400,&quot;sizes&quot;:[]}}\" data-widget_type=\"nested-accordion.default\">\n\t\t\t\t<div class=\"elementor-widget-container\">\n\t\t\t\t\t\t\t<div class=\"e-n-accordion\" aria-label=\"Accordion. Open links with Enter or Space, close with Escape, and navigate with Arrow Keys\">\n\t\t\t\t\t\t<details id=\"e-n-accordion-item-1730\" class=\"e-n-accordion-item\" >\n\t\t\t\t<summary class=\"e-n-accordion-item-title\" data-accordion-index=\"1\" tabindex=\"0\" aria-expanded=\"false\" aria-controls=\"e-n-accordion-item-1730\" >\n\t\t\t\t\t<span class='e-n-accordion-item-title-header'><div class=\"e-n-accordion-item-title-text\"> Aktuelle Fotos <\/div><\/span>\n\t\t\t\t\t\t\t\t\t<\/summary>\n\t\t\t\t<div role=\"region\" aria-labelledby=\"e-n-accordion-item-1730\" class=\"elementor-element elementor-element-f669750 e-con-full e-flex wpr-particle-no wpr-jarallax-no wpr-parallax-no wpr-sticky-section-no e-con e-child\" data-id=\"f669750\" data-element_type=\"container\" data-e-type=\"container\" data-settings=\"{&quot;_ha_eqh_enable&quot;:false}\">\n\t\t\t\t<div class=\"elementor-element elementor-element-1dbcd91 elementor-align-left elementor-widget elementor-widget-button\" data-id=\"1dbcd91\" data-element_type=\"widget\" data-e-type=\"widget\" data-widget_type=\"button.default\">\n\t\t\t\t<div class=\"elementor-widget-container\">\n\t\t\t\t\t\t\t\t\t<div class=\"elementor-button-wrapper\">\n\t\t\t\t\t<a class=\"elementor-button elementor-button-link elementor-size-sm\" href=\"https:\/\/www.suedtirolersiedlungen.eu\/product-category\/digitalisate\/aktuelle-fotos-tirol-jenbach-tratzberg\">\n\t\t\t\t\t\t<span class=\"elementor-button-content-wrapper\">\n\t\t\t\t\t\t\t\t\t<span class=\"elementor-button-text\">Tratzberg<\/span>\n\t\t\t\t\t<\/span>\n\t\t\t\t\t<\/a>\n\t\t\t\t<\/div>\n\t\t\t\t\t\t\t\t<\/div>\n\t\t\t\t<\/div>\n\t\t\t\t<\/div>\n\t\t\t\t\t<\/details>\n\t\t\t\t\t<\/div>\n\t\t\t\t\t\t<\/div>\n\t\t\t\t<\/div>\n\t\t\t\t<div class=\"elementor-element elementor-element-2191830 elementor-widget__width-initial elementor-widget elementor-widget-n-accordion\" data-id=\"2191830\" data-element_type=\"widget\" data-e-type=\"widget\" data-settings=\"{&quot;default_state&quot;:&quot;all_collapsed&quot;,&quot;max_items_expended&quot;:&quot;one&quot;,&quot;n_accordion_animation_duration&quot;:{&quot;unit&quot;:&quot;ms&quot;,&quot;size&quot;:400,&quot;sizes&quot;:[]}}\" data-widget_type=\"nested-accordion.default\">\n\t\t\t\t<div class=\"elementor-widget-container\">\n\t\t\t\t\t\t\t<div class=\"e-n-accordion\" aria-label=\"Accordion. Open links with Enter or Space, close with Escape, and navigate with Arrow Keys\">\n\t\t\t\t\t\t<details id=\"e-n-accordion-item-3510\" class=\"e-n-accordion-item\" >\n\t\t\t\t<summary class=\"e-n-accordion-item-title\" data-accordion-index=\"1\" tabindex=\"0\" aria-expanded=\"false\" aria-controls=\"e-n-accordion-item-3510\" >\n\t\t\t\t\t<span class='e-n-accordion-item-title-header'><div class=\"e-n-accordion-item-title-text\"> Historische Fotos <\/div><\/span>\n\t\t\t\t\t\t\t\t\t<\/summary>\n\t\t\t\t<div role=\"region\" aria-labelledby=\"e-n-accordion-item-3510\" class=\"elementor-element elementor-element-e5aa822 e-con-full e-flex wpr-particle-no wpr-jarallax-no wpr-parallax-no wpr-sticky-section-no e-con e-child\" data-id=\"e5aa822\" data-element_type=\"container\" data-e-type=\"container\" data-settings=\"{&quot;_ha_eqh_enable&quot;:false}\">\n\t\t\t\t<div class=\"elementor-element elementor-element-2dd45c9 elementor-widget elementor-widget-button\" data-id=\"2dd45c9\" data-element_type=\"widget\" data-e-type=\"widget\" data-widget_type=\"button.default\">\n\t\t\t\t<div class=\"elementor-widget-container\">\n\t\t\t\t\t\t\t\t\t<div class=\"elementor-button-wrapper\">\n\t\t\t\t\t<a class=\"elementor-button elementor-button-link elementor-size-sm\" href=\"https:\/\/www.suedtirolersiedlungen.eu\/product-category\/digitalisate\/historische-fotos-tirol-jenbach-prantl\">\n\t\t\t\t\t\t<span class=\"elementor-button-content-wrapper\">\n\t\t\t\t\t\t\t\t\t<span class=\"elementor-button-text\">Prantl<\/span>\n\t\t\t\t\t<\/span>\n\t\t\t\t\t<\/a>\n\t\t\t\t<\/div>\n\t\t\t\t\t\t\t\t<\/div>\n\t\t\t\t<\/div>\n\t\t\t\t<div class=\"elementor-element elementor-element-2ceb5f2 elementor-widget elementor-widget-button\" data-id=\"2ceb5f2\" data-element_type=\"widget\" data-e-type=\"widget\" data-widget_type=\"button.default\">\n\t\t\t\t<div class=\"elementor-widget-container\">\n\t\t\t\t\t\t\t\t\t<div class=\"elementor-button-wrapper\">\n\t\t\t\t\t<a class=\"elementor-button elementor-button-link elementor-size-sm\" href=\"https:\/\/www.suedtirolersiedlungen.eu\/product-category\/digitalisate\/historische-fotos-tirol-jenbach-tratzberg\">\n\t\t\t\t\t\t<span class=\"elementor-button-content-wrapper\">\n\t\t\t\t\t\t\t\t\t<span class=\"elementor-button-text\">Tratzberg<\/span>\n\t\t\t\t\t<\/span>\n\t\t\t\t\t<\/a>\n\t\t\t\t<\/div>\n\t\t\t\t\t\t\t\t<\/div>\n\t\t\t\t<\/div>\n\t\t\t\t<\/div>\n\t\t\t\t\t<\/details>\n\t\t\t\t\t<\/div>\n\t\t\t\t\t\t<\/div>\n\t\t\t\t<\/div>\n\t\t\t\t<\/div>\n\t\t\t\t<\/div>\n\t\t\t\t\t<\/div>\n\t\t\t\t<\/div>\n\t\t<div class=\"elementor-element elementor-element-c6818ca e-flex e-con-boxed wpr-particle-no wpr-jarallax-no wpr-parallax-no wpr-sticky-section-no e-con e-parent\" data-id=\"c6818ca\" data-element_type=\"container\" data-e-type=\"container\" data-settings=\"{&quot;background_background&quot;:&quot;gradient&quot;,&quot;_ha_eqh_enable&quot;:false}\">\n\t\t\t\t\t<div class=\"e-con-inner\">\n\t\t\t\t<div class=\"elementor-element elementor-element-15eefe9 elementor-widget elementor-widget-igmap\" data-id=\"15eefe9\" data-element_type=\"widget\" data-e-type=\"widget\" data-widget_type=\"igmap.default\">\n\t\t\t\t<div class=\"elementor-widget-container\">\n\t\t\t\t\t<div class=\"igmap-elementor-widget\"><div class=\"map_wrapper\" id=\"map_wrapper_200839\">\n<div class=\"map_box\" style=\"max-width:2000px\">\n<div class=\"map_aspect_ratio\" style=\"padding-top:56%\" data-padding-top=\"56%\" data-padding-top-mobile=\"0%\">\n<div class=\"map_container\">\n<div class=\"map_render map_loading\" id=\"map_200839\"><\/div>\n<\/div>\n<\/div>\n<\/div>\n<\/div><\/div>\t\t\t\t<\/div>\n\t\t\t\t<\/div>\n\t\t\t\t<div class=\"elementor-element elementor-element-f65e3eb elementor-widget elementor-widget-n-accordion\" data-id=\"f65e3eb\" data-element_type=\"widget\" data-e-type=\"widget\" data-settings=\"{&quot;default_state&quot;:&quot;all_collapsed&quot;,&quot;max_items_expended&quot;:&quot;one&quot;,&quot;n_accordion_animation_duration&quot;:{&quot;unit&quot;:&quot;ms&quot;,&quot;size&quot;:400,&quot;sizes&quot;:[]}}\" data-widget_type=\"nested-accordion.default\">\n\t\t\t\t<div class=\"elementor-widget-container\">\n\t\t\t\t\t\t\t<div class=\"e-n-accordion\" aria-label=\"Accordion. Open links with Enter or Space, close with Escape, and navigate with Arrow Keys\">\n\t\t\t\t\t\t<details id=\"e-n-accordion-item-2580\" class=\"e-n-accordion-item\" >\n\t\t\t\t<summary class=\"e-n-accordion-item-title\" data-accordion-index=\"1\" tabindex=\"0\" aria-expanded=\"false\" aria-controls=\"e-n-accordion-item-2580\" >\n\t\t\t\t\t<span class='e-n-accordion-item-title-header'><div class=\"e-n-accordion-item-title-text\"> \u2794 Prantl <\/div><\/span>\n\t\t\t\t\t\t\t\t\t<\/summary>\n\t\t\t\t<div role=\"region\" aria-labelledby=\"e-n-accordion-item-2580\" class=\"elementor-element elementor-element-daf864d e-con-full e-flex wpr-particle-no wpr-jarallax-no wpr-parallax-no wpr-sticky-section-no e-con e-child\" data-id=\"daf864d\" data-element_type=\"container\" data-e-type=\"container\" data-settings=\"{&quot;_ha_eqh_enable&quot;:false}\">\n\t\t\t\t<div class=\"elementor-element elementor-element-b979755 elementor-widget__width-initial elementor-widget elementor-widget-text-editor\" data-id=\"b979755\" data-element_type=\"widget\" data-e-type=\"widget\" data-widget_type=\"text-editor.default\">\n\t\t\t\t<div class=\"elementor-widget-container\">\n\t\t\t\t\t\t\t\t\t<div class=\"flex max-w-full flex-col flex-grow\"><div class=\"min-h-8 text-message relative flex w-full flex-col items-end gap-2 whitespace-normal break-words text-start [.text-message+&amp;]:mt-5\" dir=\"auto\" data-message-author-role=\"assistant\" data-message-id=\"7eb6ed44-0303-4031-b139-9e83e8ad7238\" data-message-model-slug=\"gpt-4o\"><div class=\"flex w-full flex-col gap-1 empty:hidden first:pt-[3px]\"><div class=\"markdown prose w-full break-words dark:prose-invert dark\">\u00a0<span class=\"fontstyle0\">Das Areal der Prantlsiedlung liegt auf einem ebenen Feld und wird begrenzt von der Landesstra\u00dfe Schnalserstra\u00dfe, der Auckenthaler Stra\u00dfe und der Huberstra\u00dfe.Das Quartier ist \u00fcber die Nordecke ausgerichtet, die ideale Orientierung, da es praktisch keine Nordseite gibt. Das sonnige Wohnquartier mit den urspr\u00fcnglich 10 Einzelbauk\u00f6rpern ist nach au\u00dfen hin offen konzipiert. Die innere Struktur wird durch vier L\u00e4ngsbauk\u00f6rper definiert. Die Mitte ist durch eine gr\u00fcne Piazza gegeben, die durchl\u00e4ssig ist. \u00dcber die Pfretschner Stra\u00dfe erfolgt eine Sekund\u00e4rerschlie\u00dfung des Viertels.<\/span><p>\u00a0<\/p><span class=\"fontstyle0\">Die Neue Heimat errichtete in Jenbach am Areal der ehemaligen Prantl-Siedlung 45 Mietwohnungen mit Tiefgarage im 3. Bauabschnitt. Insgesamt sollen bis 2038 in Jenbach von der Neuen Heimat 500 neue Wohnungen gebaut werden.<\/span> <\/div><\/div><\/div><\/div>\t\t\t\t\t\t\t\t<\/div>\n\t\t\t\t<\/div>\n\t\t\t\t<\/div>\n\t\t\t\t\t<\/details>\n\t\t\t\t\t\t<details id=\"e-n-accordion-item-2581\" class=\"e-n-accordion-item\" >\n\t\t\t\t<summary class=\"e-n-accordion-item-title\" data-accordion-index=\"2\" tabindex=\"-1\" aria-expanded=\"false\" aria-controls=\"e-n-accordion-item-2581\" >\n\t\t\t\t\t<span class='e-n-accordion-item-title-header'><div class=\"e-n-accordion-item-title-text\"> \u2794 Tratzberg <\/div><\/span>\n\t\t\t\t\t\t\t\t\t<\/summary>\n\t\t\t\t<div role=\"region\" aria-labelledby=\"e-n-accordion-item-2581\" class=\"elementor-element elementor-element-f14be28 e-con-full e-flex wpr-particle-no wpr-jarallax-no wpr-parallax-no wpr-sticky-section-no e-con e-child\" data-id=\"f14be28\" data-element_type=\"container\" data-e-type=\"container\" data-settings=\"{&quot;_ha_eqh_enable&quot;:false}\">\n\t\t\t\t<div class=\"elementor-element elementor-element-a7d7e99 elementor-widget__width-initial elementor-widget elementor-widget-text-editor\" data-id=\"a7d7e99\" data-element_type=\"widget\" data-e-type=\"widget\" data-widget_type=\"text-editor.default\">\n\t\t\t\t<div class=\"elementor-widget-container\">\n\t\t\t\t\t\t\t\t\t<div class=\"flex max-w-full flex-col flex-grow\"><div class=\"min-h-8 text-message relative flex w-full flex-col items-end gap-2 whitespace-normal break-words text-start [.text-message+&amp;]:mt-5\" dir=\"auto\" data-message-author-role=\"assistant\" data-message-id=\"df3a85f5-b52a-4b2b-b33a-ec0b63bac5ac\" data-message-model-slug=\"gpt-4o\"><div class=\"flex w-full flex-col gap-1 empty:hidden first:pt-[3px]\"><div class=\"markdown prose w-full break-words dark:prose-invert dark\"><p data-start=\"57\" data-end=\"420\">Der Bau der Tratzberg-Siedlung in Jenbach begann 1939, und bereits 1940 zogen die ersten Familien ein. Die Siedlung besteht aus vier terrassenartig angeordneten H\u00e4userzeilen mit unterschiedlichen Geb\u00e4udetypen. Insgesamt entstanden 433 Wohnungen, darunter auch L\u00e4den und ein Heinkel-Haus mit sechs Wohnungen. Eine Umspannstation versorgte die Siedlung mit Strom.<\/p><p data-start=\"422\" data-end=\"678\">Seit 2022 wird die Siedlung erneuert: 22 neue Geb\u00e4ude, darunter Doppel- und Einzelh\u00e4user sowie ein Multifunktionsgeb\u00e4ude, entstehen. Jenbach ist heute ein wichtiger Industriestandort mit Unternehmen wie GE Jenbacher, Katzenberger, Gubert und Holz Binder.<\/p><p data-start=\"680\" data-end=\"954\" data-is-last-node=\"\" data-is-only-node=\"\">Guido Holzmeister plante 1947 die Tiroler R\u00f6hren- und Metallwerke AG, deren Genehmigung durch die franz\u00f6sische Besatzung schwierig war. Schlie\u00dflich erm\u00f6glichte sein Entwurf den Bau der Haller R\u00f6hrenwerke, inklusive einer Maschinenproduktion und eines Freskos von Max Weiler.<\/p><\/div><\/div><\/div><\/div>\t\t\t\t\t\t\t\t<\/div>\n\t\t\t\t<\/div>\n\t\t\t\t<\/div>\n\t\t\t\t\t<\/details>\n\t\t\t\t\t\t<details id=\"e-n-accordion-item-2582\" class=\"e-n-accordion-item\" >\n\t\t\t\t<summary class=\"e-n-accordion-item-title\" data-accordion-index=\"3\" tabindex=\"-1\" aria-expanded=\"false\" aria-controls=\"e-n-accordion-item-2582\" >\n\t\t\t\t\t<span class='e-n-accordion-item-title-header'><div class=\"e-n-accordion-item-title-text\"> Buch: S\u00fcdtiroler Siedlungen - Condominium in Mind, Seite 109 <\/div><\/span>\n\t\t\t\t\t\t\t\t\t<\/summary>\n\t\t\t\t<div role=\"region\" aria-labelledby=\"e-n-accordion-item-2582\" class=\"elementor-element elementor-element-f0cfffa e-con-full e-flex wpr-particle-no wpr-jarallax-no wpr-parallax-no wpr-sticky-section-no e-con e-child\" data-id=\"f0cfffa\" data-element_type=\"container\" data-e-type=\"container\" data-settings=\"{&quot;_ha_eqh_enable&quot;:false}\">\n\t\t\t\t<div class=\"elementor-element elementor-element-1ad1117 elementor-widget elementor-widget-image\" data-id=\"1ad1117\" data-element_type=\"widget\" data-e-type=\"widget\" data-widget_type=\"image.default\">\n\t\t\t\t<div class=\"elementor-widget-container\">\n\t\t\t\t\t\t\t\t\t\t\t\t\t\t\t\t<a href=\"https:\/\/www.suedtirolersiedlungen.eu\/buch\/\">\n\t\t\t\t\t\t\t<img decoding=\"async\" src=\"https:\/\/www.suedtirolersiedlungen.eu\/wp-content\/uploads\/elementor\/thumbs\/Umschlag-r47qb5gwap7lpgvjfcilhh6i85jclmehkwc1p1qvx0.jpg\" title=\"Umschlag Kuratorium Siedlungen Weger OK.indd\" alt=\"Umschlag Kuratorium Siedlungen Weger OK.indd\" loading=\"lazy\" \/>\t\t\t\t\t\t\t\t<\/a>\n\t\t\t\t\t\t\t\t\t\t\t\t\t\t\t<\/div>\n\t\t\t\t<\/div>\n\t\t\t\t<div class=\"elementor-element elementor-element-0b232d5 elementor-align-center elementor-widget elementor-widget-button\" data-id=\"0b232d5\" data-element_type=\"widget\" data-e-type=\"widget\" data-widget_type=\"button.default\">\n\t\t\t\t<div class=\"elementor-widget-container\">\n\t\t\t\t\t\t\t\t\t<div class=\"elementor-button-wrapper\">\n\t\t\t\t\t<a class=\"elementor-button elementor-button-link elementor-size-sm\" href=\"https:\/\/www.suedtirolersiedlungen.eu\/buch\/\">\n\t\t\t\t\t\t<span class=\"elementor-button-content-wrapper\">\n\t\t\t\t\t\t\t\t\t<span class=\"elementor-button-text\">Zum Buch<\/span>\n\t\t\t\t\t<\/span>\n\t\t\t\t\t<\/a>\n\t\t\t\t<\/div>\n\t\t\t\t\t\t\t\t<\/div>\n\t\t\t\t<\/div>\n\t\t\t\t<\/div>\n\t\t\t\t\t<\/details>\n\t\t\t\t\t<\/div>\n\t\t\t\t\t\t<\/div>\n\t\t\t\t<\/div>\n\t\t\t\t\t<\/div>\n\t\t\t\t<\/div>\n\t\t\t\t<\/div>\n\t\t","protected":false},"excerpt":{"rendered":"<p>\u2b05 Bundesland Tirol JENBACH Aktuelle Fotos Tratzberg Tratzberg Historische Fotos Prantl Tratzberg Prantl Tratzberg Preview Only \u2794 Prantl \u00a0Das Areal der Prantlsiedlung liegt auf einem ebenen Feld und wird begrenzt von der Landesstra\u00dfe Schnalserstra\u00dfe, der Auckenthaler Stra\u00dfe und der Huberstra\u00dfe.Das Quartier ist \u00fcber die Nordecke ausgerichtet, die ideale Orientierung, da es praktisch keine Nordseite gibt. Das sonnige Wohnquartier mit den urspr\u00fcnglich 10 Einzelbauk\u00f6rpern ist nach au\u00dfen hin offen konzipiert. Die innere Struktur wird durch vier L\u00e4ngsbauk\u00f6rper definiert. Die Mitte ist durch eine gr\u00fcne Piazza gegeben, die durchl\u00e4ssig ist. \u00dcber die Pfretschner Stra\u00dfe erfolgt eine Sekund\u00e4rerschlie\u00dfung des Viertels. \u00a0 Die Neue Heimat errichtete in Jenbach am Areal der ehemaligen Prantl-Siedlung 45 Mietwohnungen mit Tiefgarage im 3. Bauabschnitt. Insgesamt sollen bis 2038 in Jenbach von der Neuen Heimat 500 neue Wohnungen gebaut werden. \u2794 Tratzberg Der Bau der Tratzberg-Siedlung in Jenbach begann 1939, und bereits 1940 zogen die ersten Familien ein. Die Siedlung besteht aus vier terrassenartig angeordneten H\u00e4userzeilen mit unterschiedlichen Geb\u00e4udetypen. Insgesamt entstanden 433 Wohnungen, darunter auch L\u00e4den und ein Heinkel-Haus mit sechs Wohnungen. Eine Umspannstation versorgte die Siedlung mit Strom. Seit 2022 wird die Siedlung erneuert: 22 neue Geb\u00e4ude, darunter Doppel- und Einzelh\u00e4user sowie ein Multifunktionsgeb\u00e4ude, entstehen. Jenbach ist heute ein wichtiger Industriestandort mit Unternehmen wie GE Jenbacher, Katzenberger, Gubert und Holz Binder. Guido Holzmeister plante 1947 die Tiroler R\u00f6hren- und Metallwerke AG, deren Genehmigung durch die franz\u00f6sische Besatzung schwierig war. Schlie\u00dflich erm\u00f6glichte sein Entwurf den Bau der Haller R\u00f6hrenwerke, inklusive einer Maschinenproduktion und eines Freskos von Max Weiler. Buch: S\u00fcdtiroler Siedlungen &#8211; Condominium in Mind, Seite 109 Zum Buch \u00a0Das Areal der Prantlsiedlung liegt auf einem ebenen Feld und wird begrenzt von der Landesstra\u00dfe Schnalserstra\u00dfe, der Auckenthaler Stra\u00dfe und der Huberstra\u00dfe.Das Quartier ist \u00fcber die Nordecke ausgerichtet, die ideale Orientierung, da es praktisch keine Nordseite gibt. Das sonnige Wohnquartier mit den urspr\u00fcnglich 10 Einzelbauk\u00f6rpern ist nach au\u00dfen hin offen konzipiert. Die innere Struktur wird durch vier L\u00e4ngsbauk\u00f6rper definiert. Die Mitte ist durch eine gr\u00fcne Piazza gegeben, die durchl\u00e4ssig ist. \u00dcber die Pfretschner Stra\u00dfe erfolgt eine Sekund\u00e4rerschlie\u00dfung des Viertels. \u00a0 Die Neue Heimat errichtete in Jenbach am Areal der ehemaligen Prantl-Siedlung 45 Mietwohnungen mit Tiefgarage im 3. Bauabschnitt. Insgesamt sollen bis 2038 in Jenbach von der Neuen Heimat 500 neue Wohnungen gebaut werden. Der Bau der Tratzberg-Siedlung in Jenbach begann 1939, und bereits 1940 zogen die ersten Familien ein. Die Siedlung besteht aus vier terrassenartig angeordneten H\u00e4userzeilen mit unterschiedlichen Geb\u00e4udetypen. Insgesamt entstanden 433 Wohnungen, darunter auch L\u00e4den und ein Heinkel-Haus mit sechs Wohnungen. Eine Umspannstation versorgte die Siedlung mit Strom. Seit 2022 wird die Siedlung erneuert: 22 neue Geb\u00e4ude, darunter Doppel- und Einzelh\u00e4user sowie ein Multifunktionsgeb\u00e4ude, entstehen. Jenbach ist heute ein wichtiger Industriestandort mit Unternehmen wie GE Jenbacher, Katzenberger, Gubert und Holz Binder. Guido Holzmeister plante 1947 die Tiroler R\u00f6hren- und Metallwerke AG, deren Genehmigung durch die franz\u00f6sische Besatzung schwierig war. Schlie\u00dflich erm\u00f6glichte sein Entwurf den Bau der Haller R\u00f6hrenwerke, inklusive einer Maschinenproduktion und eines Freskos von Max Weiler. Zum Buch<\/p>","protected":false},"author":2,"featured_media":0,"parent":179850,"menu_order":0,"comment_status":"closed","ping_status":"closed","template":"","meta":{"ocean_post_layout":"full-screen","ocean_both_sidebars_style":"","ocean_both_sidebars_content_width":0,"ocean_both_sidebars_sidebars_width":0,"ocean_sidebar":"","ocean_second_sidebar":"","ocean_disable_margins":"enable","ocean_add_body_class":"","ocean_shortcode_before_top_bar":"","ocean_shortcode_after_top_bar":"","ocean_shortcode_before_header":"","ocean_shortcode_after_header":"","ocean_has_shortcode":"","ocean_shortcode_after_title":"","ocean_shortcode_before_footer_widgets":"","ocean_shortcode_after_footer_widgets":"","ocean_shortcode_before_footer_bottom":"","ocean_shortcode_after_footer_bottom":"","ocean_display_top_bar":"off","ocean_display_header":"off","ocean_header_style":"custom","ocean_center_header_left_menu":"","ocean_custom_header_template":"","ocean_custom_logo":0,"ocean_custom_retina_logo":0,"ocean_custom_logo_max_width":0,"ocean_custom_logo_tablet_max_width":0,"ocean_custom_logo_mobile_max_width":0,"ocean_custom_logo_max_height":0,"ocean_custom_logo_tablet_max_height":0,"ocean_custom_logo_mobile_max_height":0,"ocean_header_custom_menu":"","ocean_menu_typo_font_family":"","ocean_menu_typo_font_subset":"","ocean_menu_typo_font_size":0,"ocean_menu_typo_font_size_tablet":0,"ocean_menu_typo_font_size_mobile":0,"ocean_menu_typo_font_size_unit":"px","ocean_menu_typo_font_weight":"","ocean_menu_typo_font_weight_tablet":"","ocean_menu_typo_font_weight_mobile":"","ocean_menu_typo_transform":"","ocean_menu_typo_transform_tablet":"","ocean_menu_typo_transform_mobile":"","ocean_menu_typo_line_height":0,"ocean_menu_typo_line_height_tablet":0,"ocean_menu_typo_line_height_mobile":0,"ocean_menu_typo_line_height_unit":"","ocean_menu_typo_spacing":0,"ocean_menu_typo_spacing_tablet":0,"ocean_menu_typo_spacing_mobile":0,"ocean_menu_typo_spacing_unit":"","ocean_menu_link_color":"","ocean_menu_link_color_hover":"","ocean_menu_link_color_active":"","ocean_menu_link_background":"","ocean_menu_link_hover_background":"","ocean_menu_link_active_background":"","ocean_menu_social_links_bg":"","ocean_menu_social_hover_links_bg":"","ocean_menu_social_links_color":"","ocean_menu_social_hover_links_color":"","ocean_disable_title":"on","ocean_disable_heading":"default","ocean_post_title":"","ocean_post_subheading":"","ocean_post_title_style":"","ocean_post_title_background_color":"","ocean_post_title_background":0,"ocean_post_title_bg_image_position":"","ocean_post_title_bg_image_attachment":"","ocean_post_title_bg_image_repeat":"","ocean_post_title_bg_image_size":"","ocean_post_title_height":0,"ocean_post_title_bg_overlay":0.5,"ocean_post_title_bg_overlay_color":"","ocean_disable_breadcrumbs":"default","ocean_breadcrumbs_color":"","ocean_breadcrumbs_separator_color":"","ocean_breadcrumbs_links_color":"","ocean_breadcrumbs_links_hover_color":"","ocean_display_footer_widgets":"off","ocean_display_footer_bottom":"off","ocean_custom_footer_template":"","footnotes":""},"categories":[350],"class_list":["post-180293","page","type-page","status-publish","hentry","category-gemeinden","entry","owp-thumbs-layout-horizontal","owp-btn-normal","owp-tabs-layout-horizontal","has-no-thumbnails","has-product-nav"],"_links":{"self":[{"href":"https:\/\/www.suedtirolersiedlungen.eu\/it\/wp-json\/wp\/v2\/pages\/180293","targetHints":{"allow":["GET"]}}],"collection":[{"href":"https:\/\/www.suedtirolersiedlungen.eu\/it\/wp-json\/wp\/v2\/pages"}],"about":[{"href":"https:\/\/www.suedtirolersiedlungen.eu\/it\/wp-json\/wp\/v2\/types\/page"}],"author":[{"embeddable":true,"href":"https:\/\/www.suedtirolersiedlungen.eu\/it\/wp-json\/wp\/v2\/users\/2"}],"replies":[{"embeddable":true,"href":"https:\/\/www.suedtirolersiedlungen.eu\/it\/wp-json\/wp\/v2\/comments?post=180293"}],"version-history":[{"count":3,"href":"https:\/\/www.suedtirolersiedlungen.eu\/it\/wp-json\/wp\/v2\/pages\/180293\/revisions"}],"predecessor-version":[{"id":209131,"href":"https:\/\/www.suedtirolersiedlungen.eu\/it\/wp-json\/wp\/v2\/pages\/180293\/revisions\/209131"}],"up":[{"embeddable":true,"href":"https:\/\/www.suedtirolersiedlungen.eu\/it\/wp-json\/wp\/v2\/pages\/179850"}],"wp:attachment":[{"href":"https:\/\/www.suedtirolersiedlungen.eu\/it\/wp-json\/wp\/v2\/media?parent=180293"}],"wp:term":[{"taxonomy":"category","embeddable":true,"href":"https:\/\/www.suedtirolersiedlungen.eu\/it\/wp-json\/wp\/v2\/categories?post=180293"}],"curies":[{"name":"wp","href":"https:\/\/api.w.org\/{rel}","templated":true}]}}