{"id":180385,"date":"2024-09-30T16:44:25","date_gmt":"2024-09-30T14:44:25","guid":{"rendered":"http:\/\/sdtiroler-siedlungen-new.local\/?page_id=180385"},"modified":"2025-04-13T17:57:42","modified_gmt":"2025-04-13T15:57:42","slug":"gmund","status":"publish","type":"page","link":"https:\/\/www.suedtirolersiedlungen.eu\/it\/bundeslander\/karnten\/gmund\/","title":{"rendered":"Gm\u00fcnd"},"content":{"rendered":"<div data-elementor-type=\"wp-page\" data-elementor-id=\"180385\" class=\"elementor elementor-180385\" data-elementor-settings=\"{&quot;ha_cmc_init_switcher&quot;:&quot;no&quot;}\">\n\t\t\t\t<div class=\"elementor-element elementor-element-4ae28ed e-flex e-con-boxed wpr-particle-no wpr-jarallax-no wpr-parallax-no wpr-sticky-section-no e-con e-parent\" data-id=\"4ae28ed\" data-element_type=\"container\" data-e-type=\"container\" data-settings=\"{&quot;_ha_eqh_enable&quot;:false}\">\n\t\t\t\t\t<div class=\"e-con-inner\">\n\t\t\t\t<div class=\"elementor-element elementor-element-c90b628 elementor-align-right elementor-widget elementor-widget-button\" data-id=\"c90b628\" data-element_type=\"widget\" data-e-type=\"widget\" data-widget_type=\"button.default\">\n\t\t\t\t<div class=\"elementor-widget-container\">\n\t\t\t\t\t\t\t\t\t<div class=\"elementor-button-wrapper\">\n\t\t\t\t\t<a class=\"elementor-button elementor-button-link elementor-size-sm\" href=\"https:\/\/www.suedtirolersiedlungen.eu\/it\/bundeslander\/karnten\/\">\n\t\t\t\t\t\t<span class=\"elementor-button-content-wrapper\">\n\t\t\t\t\t\t\t\t\t<span class=\"elementor-button-text\">\u2b05 K\u00e4rnten<\/span>\n\t\t\t\t\t<\/span>\n\t\t\t\t\t<\/a>\n\t\t\t\t<\/div>\n\t\t\t\t\t\t\t\t<\/div>\n\t\t\t\t<\/div>\n\t\t\t\t\t<\/div>\n\t\t\t\t<\/div>\n\t\t<div class=\"elementor-element elementor-element-e383078 e-flex e-con-boxed wpr-particle-no wpr-jarallax-no wpr-parallax-no wpr-sticky-section-no e-con e-parent\" data-id=\"e383078\" data-element_type=\"container\" data-e-type=\"container\" data-settings=\"{&quot;_ha_eqh_enable&quot;:false}\">\n\t\t\t\t\t<div class=\"e-con-inner\">\n\t\t\t\t<div class=\"elementor-element elementor-element-3918909 elementor-widget elementor-widget-heading\" data-id=\"3918909\" data-element_type=\"widget\" data-e-type=\"widget\" data-widget_type=\"heading.default\">\n\t\t\t\t<div class=\"elementor-widget-container\">\n\t\t\t\t\t<h2 class=\"elementor-heading-title elementor-size-default\">GM\u00dcND<\/h2>\t\t\t\t<\/div>\n\t\t\t\t<\/div>\n\t\t\t\t\t<\/div>\n\t\t\t\t<\/div>\n\t\t<div class=\"elementor-element elementor-element-498045c e-flex e-con-boxed wpr-particle-no wpr-jarallax-no wpr-parallax-no wpr-sticky-section-no e-con e-parent\" data-id=\"498045c\" data-element_type=\"container\" data-e-type=\"container\" data-settings=\"{&quot;_ha_eqh_enable&quot;:false}\">\n\t\t\t\t\t<div class=\"e-con-inner\">\n\t\t\t\t<div class=\"elementor-element elementor-element-819b651 elementor-widget elementor-widget-button\" data-id=\"819b651\" data-element_type=\"widget\" data-e-type=\"widget\" data-widget_type=\"button.default\">\n\t\t\t\t<div class=\"elementor-widget-container\">\n\t\t\t\t\t\t\t\t\t<div class=\"elementor-button-wrapper\">\n\t\t\t\t\t<a class=\"elementor-button elementor-button-link elementor-size-sm\" href=\"https:\/\/www.suedtirolersiedlungen.eu\/it\/product-category\/digitalisate\/historische-fotos-karnten-gmund\/\">\n\t\t\t\t\t\t<span class=\"elementor-button-content-wrapper\">\n\t\t\t\t\t\t\t\t\t<span class=\"elementor-button-text\">Foto storiche<\/span>\n\t\t\t\t\t<\/span>\n\t\t\t\t\t<\/a>\n\t\t\t\t<\/div>\n\t\t\t\t\t\t\t\t<\/div>\n\t\t\t\t<\/div>\n\t\t\t\t<div class=\"elementor-element elementor-element-b51b2ed elementor-widget elementor-widget-button\" data-id=\"b51b2ed\" data-element_type=\"widget\" data-e-type=\"widget\" data-widget_type=\"button.default\">\n\t\t\t\t<div class=\"elementor-widget-container\">\n\t\t\t\t\t\t\t\t\t<div class=\"elementor-button-wrapper\">\n\t\t\t\t\t<a class=\"elementor-button elementor-button-link elementor-size-sm\" href=\"https:\/\/www.suedtirolersiedlungen.eu\/it\/product-category\/digitalisate\/planarchiv-karnten-gmund\/\">\n\t\t\t\t\t\t<span class=\"elementor-button-content-wrapper\">\n\t\t\t\t\t\t\t\t\t<span class=\"elementor-button-text\">Planimetrie<\/span>\n\t\t\t\t\t<\/span>\n\t\t\t\t\t<\/a>\n\t\t\t\t<\/div>\n\t\t\t\t\t\t\t\t<\/div>\n\t\t\t\t<\/div>\n\t\t\t\t\t<\/div>\n\t\t\t\t<\/div>\n\t\t<div class=\"elementor-element elementor-element-da53905 e-flex e-con-boxed wpr-particle-no wpr-jarallax-no wpr-parallax-no wpr-sticky-section-no e-con e-parent\" data-id=\"da53905\" data-element_type=\"container\" data-e-type=\"container\" data-settings=\"{&quot;background_background&quot;:&quot;gradient&quot;,&quot;_ha_eqh_enable&quot;:false}\">\n\t\t\t\t\t<div class=\"e-con-inner\">\n\t\t\t\t<div class=\"elementor-element elementor-element-53d731f elementor-widget elementor-widget-igmap\" data-id=\"53d731f\" data-element_type=\"widget\" data-e-type=\"widget\" data-widget_type=\"igmap.default\">\n\t\t\t\t<div class=\"elementor-widget-container\">\n\t\t\t\t\t<div class=\"igmap-elementor-widget\"><div class=\"map_wrapper\" id=\"map_wrapper_201090\">\n<div class=\"map_box\" style=\"max-width:2000px\">\n<div class=\"map_aspect_ratio\" style=\"padding-top:56%\" data-padding-top=\"56%\" data-padding-top-mobile=\"0%\">\n<div class=\"map_container\">\n<div class=\"map_render map_loading\" id=\"map_201090\"><\/div>\n<\/div>\n<\/div>\n<\/div>\n<\/div><\/div>\t\t\t\t<\/div>\n\t\t\t\t<\/div>\n\t\t\t\t<div class=\"elementor-element elementor-element-a0ad4f1 elementor-widget elementor-widget-n-accordion\" data-id=\"a0ad4f1\" data-element_type=\"widget\" data-e-type=\"widget\" data-settings=\"{&quot;max_items_expended&quot;:&quot;multiple&quot;,&quot;default_state&quot;:&quot;expanded&quot;,&quot;n_accordion_animation_duration&quot;:{&quot;unit&quot;:&quot;ms&quot;,&quot;size&quot;:400,&quot;sizes&quot;:[]}}\" data-widget_type=\"nested-accordion.default\">\n\t\t\t\t<div class=\"elementor-widget-container\">\n\t\t\t\t\t\t\t<div class=\"e-n-accordion\" aria-label=\"Accordion. Open links with Enter or Space, close with Escape, and navigate with Arrow Keys\">\n\t\t\t\t\t\t<details id=\"e-n-accordion-item-1680\" class=\"e-n-accordion-item\" open>\n\t\t\t\t<summary class=\"e-n-accordion-item-title\" data-accordion-index=\"1\" tabindex=\"0\" aria-expanded=\"true\" aria-controls=\"e-n-accordion-item-1680\" >\n\t\t\t\t\t<span class='e-n-accordion-item-title-header'><div class=\"e-n-accordion-item-title-text\">  <\/div><\/span>\n\t\t\t\t\t\t\t\t\t<\/summary>\n\t\t\t\t<div role=\"region\" aria-labelledby=\"e-n-accordion-item-1680\" class=\"elementor-element elementor-element-3600d2f e-con-full e-flex wpr-particle-no wpr-jarallax-no wpr-parallax-no wpr-sticky-section-no e-con e-child\" data-id=\"3600d2f\" data-element_type=\"container\" data-e-type=\"container\" data-settings=\"{&quot;_ha_eqh_enable&quot;:false}\">\n\t\t\t\t<div class=\"elementor-element elementor-element-0a4657e elementor-widget__width-initial elementor-widget elementor-widget-text-editor\" data-id=\"0a4657e\" data-element_type=\"widget\" data-e-type=\"widget\" data-widget_type=\"text-editor.default\">\n\t\t\t\t<div class=\"elementor-widget-container\">\n\t\t\t\t\t\t\t\t\t<p data-start=\"51\" data-end=\"388\">Gm\u00fcnd in K\u00e4rnten liegt am Zusammenfluss von Malta und Lieser und ist eine wichtige Nord-S\u00fcd-Verbindung \u00fcber die Alpen. Die Stadt erhielt 1346 das Stadtrecht und geh\u00f6rte einst zum Erzbistum Salzburg.<\/p>\t\t\t\t\t\t\t\t<\/div>\n\t\t\t\t<\/div>\n\t\t\t\t<\/div>\n\t\t\t\t\t<\/details>\n\t\t\t\t\t\t<details id=\"e-n-accordion-item-1681\" class=\"e-n-accordion-item\" >\n\t\t\t\t<summary class=\"e-n-accordion-item-title\" data-accordion-index=\"2\" tabindex=\"-1\" aria-expanded=\"false\" aria-controls=\"e-n-accordion-item-1681\" >\n\t\t\t\t\t<span class='e-n-accordion-item-title-header'><div class=\"e-n-accordion-item-title-text\"> Mehr \u279e <\/div><\/span>\n\t\t\t\t\t\t\t\t\t<\/summary>\n\t\t\t\t<div role=\"region\" aria-labelledby=\"e-n-accordion-item-1681\" class=\"elementor-element elementor-element-4c8f7f7 e-con-full e-flex wpr-particle-no wpr-jarallax-no wpr-parallax-no wpr-sticky-section-no e-con e-child\" data-id=\"4c8f7f7\" data-element_type=\"container\" data-e-type=\"container\" data-settings=\"{&quot;_ha_eqh_enable&quot;:false}\">\n\t\t\t\t<div class=\"elementor-element elementor-element-33a5039 elementor-widget__width-initial elementor-widget elementor-widget-text-editor\" data-id=\"33a5039\" data-element_type=\"widget\" data-e-type=\"widget\" data-widget_type=\"text-editor.default\">\n\t\t\t\t<div class=\"elementor-widget-container\">\n\t\t\t\t\t\t\t\t\t<div class=\"flex max-w-full flex-col flex-grow\">1945 verlegte Ferdinand Porsche sein Konstruktionsb\u00fcro aus Sicherheitsgr\u00fcnden von Stuttgart nach Gm\u00fcnd, da die Stadt vom Krieg kaum betroffen war. Bereits 1943 wurde die Kanaltaler Siedlung in der Tratter Stra\u00dfe entlang der Malta errichtet. Der winkelf\u00f6rmige Bau mit zwei langen Fl\u00fcgeln umfasst 32 Wohnungen und diente haupts\u00e4chlich der Unterbringung von Arbeitskr\u00e4ften. Seit 1982 gibt es in Gm\u00fcnd eine Porschesammlung mit historischen Autos und Holzmodellen, die viele Touristen anzieht.<\/div>\t\t\t\t\t\t\t\t<\/div>\n\t\t\t\t<\/div>\n\t\t\t\t<\/div>\n\t\t\t\t\t<\/details>\n\t\t\t\t\t\t<details id=\"e-n-accordion-item-1682\" class=\"e-n-accordion-item\" >\n\t\t\t\t<summary class=\"e-n-accordion-item-title\" data-accordion-index=\"3\" tabindex=\"-1\" aria-expanded=\"false\" aria-controls=\"e-n-accordion-item-1682\" >\n\t\t\t\t\t<span class='e-n-accordion-item-title-header'><div class=\"e-n-accordion-item-title-text\"> Buch: S\u00fcdtiroler Siedlungen - Condominium in Mind, Seite 285 <\/div><\/span>\n\t\t\t\t\t\t\t\t\t<\/summary>\n\t\t\t\t<div role=\"region\" aria-labelledby=\"e-n-accordion-item-1682\" class=\"elementor-element elementor-element-a7d0f8d e-con-full e-flex wpr-particle-no wpr-jarallax-no wpr-parallax-no wpr-sticky-section-no e-con e-child\" data-id=\"a7d0f8d\" data-element_type=\"container\" data-e-type=\"container\" data-settings=\"{&quot;_ha_eqh_enable&quot;:false}\">\n\t\t\t\t<div class=\"elementor-element elementor-element-1b89062 elementor-widget elementor-widget-image\" data-id=\"1b89062\" data-element_type=\"widget\" data-e-type=\"widget\" data-widget_type=\"image.default\">\n\t\t\t\t<div class=\"elementor-widget-container\">\n\t\t\t\t\t\t\t\t\t\t\t\t\t\t\t\t<a href=\"https:\/\/www.suedtirolersiedlungen.eu\/it\/buch\/\">\n\t\t\t\t\t\t\t<img decoding=\"async\" src=\"https:\/\/www.suedtirolersiedlungen.eu\/wp-content\/uploads\/elementor\/thumbs\/Umschlag-r47qb5gwap7lpgvjfcilhh6i85jclmehkwc1p1qvx0.jpg\" title=\"Umschlag Kuratorium Siedlungen Weger OK.indd\" alt=\"Umschlag Kuratorium Siedlungen Weger OK.indd\" loading=\"lazy\" \/>\t\t\t\t\t\t\t\t<\/a>\n\t\t\t\t\t\t\t\t\t\t\t\t\t\t\t<\/div>\n\t\t\t\t<\/div>\n\t\t\t\t<div class=\"elementor-element elementor-element-cedef09 elementor-align-center elementor-widget elementor-widget-button\" data-id=\"cedef09\" data-element_type=\"widget\" data-e-type=\"widget\" data-widget_type=\"button.default\">\n\t\t\t\t<div class=\"elementor-widget-container\">\n\t\t\t\t\t\t\t\t\t<div class=\"elementor-button-wrapper\">\n\t\t\t\t\t<a class=\"elementor-button elementor-button-link elementor-size-sm\" href=\"https:\/\/www.suedtirolersiedlungen.eu\/it\/buch\/\">\n\t\t\t\t\t\t<span class=\"elementor-button-content-wrapper\">\n\t\t\t\t\t\t\t\t\t<span class=\"elementor-button-text\">Al libro<\/span>\n\t\t\t\t\t<\/span>\n\t\t\t\t\t<\/a>\n\t\t\t\t<\/div>\n\t\t\t\t\t\t\t\t<\/div>\n\t\t\t\t<\/div>\n\t\t\t\t<\/div>\n\t\t\t\t\t<\/details>\n\t\t\t\t\t<\/div>\n\t\t\t\t\t\t<\/div>\n\t\t\t\t<\/div>\n\t\t\t\t\t<\/div>\n\t\t\t\t<\/div>\n\t\t\t\t<\/div>","protected":false},"excerpt":{"rendered":"<p>\u2b05 K\u00e4rnten GM\u00dcND Historische Fotos Planarchiv Preview Only Gm\u00fcnd in K\u00e4rnten liegt am Zusammenfluss von Malta und Lieser und ist eine wichtige Nord-S\u00fcd-Verbindung \u00fcber die Alpen. Die Stadt erhielt 1346 das Stadtrecht und geh\u00f6rte einst zum Erzbistum Salzburg. Mehr \u279e 1945 verlegte Ferdinand Porsche sein Konstruktionsb\u00fcro aus Sicherheitsgr\u00fcnden von Stuttgart nach Gm\u00fcnd, da die Stadt vom Krieg kaum betroffen war. Bereits 1943 wurde die Kanaltaler Siedlung in der Tratter Stra\u00dfe entlang der Malta errichtet. Der winkelf\u00f6rmige Bau mit zwei langen Fl\u00fcgeln umfasst 32 Wohnungen und diente haupts\u00e4chlich der Unterbringung von Arbeitskr\u00e4ften. Seit 1982 gibt es in Gm\u00fcnd eine Porschesammlung mit historischen Autos und Holzmodellen, die viele Touristen anzieht. Buch: S\u00fcdtiroler Siedlungen &#8211; Condominium in Mind, Seite 285 Zum Buch Gm\u00fcnd in K\u00e4rnten liegt am Zusammenfluss von Malta und Lieser und ist eine wichtige Nord-S\u00fcd-Verbindung \u00fcber die Alpen. Die Stadt erhielt 1346 das Stadtrecht und geh\u00f6rte einst zum Erzbistum Salzburg. 1945 verlegte Ferdinand Porsche sein Konstruktionsb\u00fcro aus Sicherheitsgr\u00fcnden von Stuttgart nach Gm\u00fcnd, da die Stadt vom Krieg kaum betroffen war. Bereits 1943 wurde die Kanaltaler Siedlung in der Tratter Stra\u00dfe entlang der Malta errichtet. Der winkelf\u00f6rmige Bau mit zwei langen Fl\u00fcgeln umfasst 32 Wohnungen und diente haupts\u00e4chlich der Unterbringung von Arbeitskr\u00e4ften. Seit 1982 gibt es in Gm\u00fcnd eine Porschesammlung mit historischen Autos und Holzmodellen, die viele Touristen anzieht. Zum Buch<\/p>","protected":false},"author":2,"featured_media":0,"parent":180265,"menu_order":0,"comment_status":"closed","ping_status":"closed","template":"","meta":{"ocean_post_layout":"full-screen","ocean_both_sidebars_style":"","ocean_both_sidebars_content_width":0,"ocean_both_sidebars_sidebars_width":0,"ocean_sidebar":"","ocean_second_sidebar":"","ocean_disable_margins":"enable","ocean_add_body_class":"","ocean_shortcode_before_top_bar":"","ocean_shortcode_after_top_bar":"","ocean_shortcode_before_header":"","ocean_shortcode_after_header":"","ocean_has_shortcode":"","ocean_shortcode_after_title":"","ocean_shortcode_before_footer_widgets":"","ocean_shortcode_after_footer_widgets":"","ocean_shortcode_before_footer_bottom":"","ocean_shortcode_after_footer_bottom":"","ocean_display_top_bar":"off","ocean_display_header":"off","ocean_header_style":"custom","ocean_center_header_left_menu":"","ocean_custom_header_template":"","ocean_custom_logo":0,"ocean_custom_retina_logo":0,"ocean_custom_logo_max_width":0,"ocean_custom_logo_tablet_max_width":0,"ocean_custom_logo_mobile_max_width":0,"ocean_custom_logo_max_height":0,"ocean_custom_logo_tablet_max_height":0,"ocean_custom_logo_mobile_max_height":0,"ocean_header_custom_menu":"","ocean_menu_typo_font_family":"","ocean_menu_typo_font_subset":"","ocean_menu_typo_font_size":0,"ocean_menu_typo_font_size_tablet":0,"ocean_menu_typo_font_size_mobile":0,"ocean_menu_typo_font_size_unit":"px","ocean_menu_typo_font_weight":"","ocean_menu_typo_font_weight_tablet":"","ocean_menu_typo_font_weight_mobile":"","ocean_menu_typo_transform":"","ocean_menu_typo_transform_tablet":"","ocean_menu_typo_transform_mobile":"","ocean_menu_typo_line_height":0,"ocean_menu_typo_line_height_tablet":0,"ocean_menu_typo_line_height_mobile":0,"ocean_menu_typo_line_height_unit":"","ocean_menu_typo_spacing":0,"ocean_menu_typo_spacing_tablet":0,"ocean_menu_typo_spacing_mobile":0,"ocean_menu_typo_spacing_unit":"","ocean_menu_link_color":"","ocean_menu_link_color_hover":"","ocean_menu_link_color_active":"","ocean_menu_link_background":"","ocean_menu_link_hover_background":"","ocean_menu_link_active_background":"","ocean_menu_social_links_bg":"","ocean_menu_social_hover_links_bg":"","ocean_menu_social_links_color":"","ocean_menu_social_hover_links_color":"","ocean_disable_title":"on","ocean_disable_heading":"default","ocean_post_title":"","ocean_post_subheading":"","ocean_post_title_style":"","ocean_post_title_background_color":"","ocean_post_title_background":0,"ocean_post_title_bg_image_position":"","ocean_post_title_bg_image_attachment":"","ocean_post_title_bg_image_repeat":"","ocean_post_title_bg_image_size":"","ocean_post_title_height":0,"ocean_post_title_bg_overlay":0.5,"ocean_post_title_bg_overlay_color":"","ocean_disable_breadcrumbs":"default","ocean_breadcrumbs_color":"","ocean_breadcrumbs_separator_color":"","ocean_breadcrumbs_links_color":"","ocean_breadcrumbs_links_hover_color":"","ocean_display_footer_widgets":"off","ocean_display_footer_bottom":"off","ocean_custom_footer_template":"","footnotes":""},"categories":[350],"class_list":["post-180385","page","type-page","status-publish","hentry","category-gemeinden","entry","owp-thumbs-layout-horizontal","owp-btn-normal","owp-tabs-layout-horizontal","has-no-thumbnails","has-product-nav"],"_links":{"self":[{"href":"https:\/\/www.suedtirolersiedlungen.eu\/it\/wp-json\/wp\/v2\/pages\/180385","targetHints":{"allow":["GET"]}}],"collection":[{"href":"https:\/\/www.suedtirolersiedlungen.eu\/it\/wp-json\/wp\/v2\/pages"}],"about":[{"href":"https:\/\/www.suedtirolersiedlungen.eu\/it\/wp-json\/wp\/v2\/types\/page"}],"author":[{"embeddable":true,"href":"https:\/\/www.suedtirolersiedlungen.eu\/it\/wp-json\/wp\/v2\/users\/2"}],"replies":[{"embeddable":true,"href":"https:\/\/www.suedtirolersiedlungen.eu\/it\/wp-json\/wp\/v2\/comments?post=180385"}],"version-history":[{"count":3,"href":"https:\/\/www.suedtirolersiedlungen.eu\/it\/wp-json\/wp\/v2\/pages\/180385\/revisions"}],"predecessor-version":[{"id":209116,"href":"https:\/\/www.suedtirolersiedlungen.eu\/it\/wp-json\/wp\/v2\/pages\/180385\/revisions\/209116"}],"up":[{"embeddable":true,"href":"https:\/\/www.suedtirolersiedlungen.eu\/it\/wp-json\/wp\/v2\/pages\/180265"}],"wp:attachment":[{"href":"https:\/\/www.suedtirolersiedlungen.eu\/it\/wp-json\/wp\/v2\/media?parent=180385"}],"wp:term":[{"taxonomy":"category","embeddable":true,"href":"https:\/\/www.suedtirolersiedlungen.eu\/it\/wp-json\/wp\/v2\/categories?post=180385"}],"curies":[{"name":"wp","href":"https:\/\/api.w.org\/{rel}","templated":true}]}}