{"id":180386,"date":"2024-09-30T16:44:31","date_gmt":"2024-09-30T14:44:31","guid":{"rendered":"http:\/\/sdtiroler-siedlungen-new.local\/?page_id=180386"},"modified":"2025-04-13T17:58:00","modified_gmt":"2025-04-13T15:58:00","slug":"hermagor","status":"publish","type":"page","link":"https:\/\/www.suedtirolersiedlungen.eu\/it\/bundeslander\/karnten\/hermagor\/","title":{"rendered":"Hermagor"},"content":{"rendered":"<div data-elementor-type=\"wp-page\" data-elementor-id=\"180386\" class=\"elementor elementor-180386\" data-elementor-settings=\"{&quot;ha_cmc_init_switcher&quot;:&quot;no&quot;}\">\n\t\t\t\t<div class=\"elementor-element elementor-element-a8b5882 e-flex e-con-boxed wpr-particle-no wpr-jarallax-no wpr-parallax-no wpr-sticky-section-no e-con e-parent\" data-id=\"a8b5882\" data-element_type=\"container\" data-e-type=\"container\" data-settings=\"{&quot;_ha_eqh_enable&quot;:false}\">\n\t\t\t\t\t<div class=\"e-con-inner\">\n\t\t\t\t<div class=\"elementor-element elementor-element-1c6eac8 elementor-align-right elementor-widget elementor-widget-button\" data-id=\"1c6eac8\" data-element_type=\"widget\" data-e-type=\"widget\" data-widget_type=\"button.default\">\n\t\t\t\t<div class=\"elementor-widget-container\">\n\t\t\t\t\t\t\t\t\t<div class=\"elementor-button-wrapper\">\n\t\t\t\t\t<a class=\"elementor-button elementor-button-link elementor-size-sm\" href=\"https:\/\/www.suedtirolersiedlungen.eu\/it\/bundeslander\/karnten\/\">\n\t\t\t\t\t\t<span class=\"elementor-button-content-wrapper\">\n\t\t\t\t\t\t\t\t\t<span class=\"elementor-button-text\">\u2b05 K\u00e4rnten<\/span>\n\t\t\t\t\t<\/span>\n\t\t\t\t\t<\/a>\n\t\t\t\t<\/div>\n\t\t\t\t\t\t\t\t<\/div>\n\t\t\t\t<\/div>\n\t\t\t\t\t<\/div>\n\t\t\t\t<\/div>\n\t\t<div class=\"elementor-element elementor-element-7825c8f e-flex e-con-boxed wpr-particle-no wpr-jarallax-no wpr-parallax-no wpr-sticky-section-no e-con e-parent\" data-id=\"7825c8f\" data-element_type=\"container\" data-e-type=\"container\" data-settings=\"{&quot;_ha_eqh_enable&quot;:false}\">\n\t\t\t\t\t<div class=\"e-con-inner\">\n\t\t\t\t<div class=\"elementor-element elementor-element-e56d994 elementor-widget elementor-widget-heading\" data-id=\"e56d994\" data-element_type=\"widget\" data-e-type=\"widget\" data-widget_type=\"heading.default\">\n\t\t\t\t<div class=\"elementor-widget-container\">\n\t\t\t\t\t<h2 class=\"elementor-heading-title elementor-size-default\">HERMAGOR<\/h2>\t\t\t\t<\/div>\n\t\t\t\t<\/div>\n\t\t\t\t\t<\/div>\n\t\t\t\t<\/div>\n\t\t<div class=\"elementor-element elementor-element-272ddf3 e-flex e-con-boxed wpr-particle-no wpr-jarallax-no wpr-parallax-no wpr-sticky-section-no e-con e-parent\" data-id=\"272ddf3\" data-element_type=\"container\" data-e-type=\"container\" data-settings=\"{&quot;_ha_eqh_enable&quot;:false}\">\n\t\t\t\t\t<div class=\"e-con-inner\">\n\t\t\t\t<div class=\"elementor-element elementor-element-a5d4b4b elementor-widget elementor-widget-button\" data-id=\"a5d4b4b\" data-element_type=\"widget\" data-e-type=\"widget\" data-widget_type=\"button.default\">\n\t\t\t\t<div class=\"elementor-widget-container\">\n\t\t\t\t\t\t\t\t\t<div class=\"elementor-button-wrapper\">\n\t\t\t\t\t<a class=\"elementor-button elementor-button-link elementor-size-sm\" href=\"https:\/\/www.suedtirolersiedlungen.eu\/it\/product-category\/digitalisate\/aktuelle-fotos-karnten-hermagor\/\">\n\t\t\t\t\t\t<span class=\"elementor-button-content-wrapper\">\n\t\t\t\t\t\t\t\t\t<span class=\"elementor-button-text\">Foto attuali<\/span>\n\t\t\t\t\t<\/span>\n\t\t\t\t\t<\/a>\n\t\t\t\t<\/div>\n\t\t\t\t\t\t\t\t<\/div>\n\t\t\t\t<\/div>\n\t\t\t\t<div class=\"elementor-element elementor-element-5df6b33 elementor-widget elementor-widget-button\" data-id=\"5df6b33\" data-element_type=\"widget\" data-e-type=\"widget\" data-widget_type=\"button.default\">\n\t\t\t\t<div class=\"elementor-widget-container\">\n\t\t\t\t\t\t\t\t\t<div class=\"elementor-button-wrapper\">\n\t\t\t\t\t<a class=\"elementor-button elementor-button-link elementor-size-sm\" href=\"https:\/\/www.suedtirolersiedlungen.eu\/it\/product-category\/digitalisate\/historische-fotos-karnten-hermagor\/\">\n\t\t\t\t\t\t<span class=\"elementor-button-content-wrapper\">\n\t\t\t\t\t\t\t\t\t<span class=\"elementor-button-text\">Foto storiche<\/span>\n\t\t\t\t\t<\/span>\n\t\t\t\t\t<\/a>\n\t\t\t\t<\/div>\n\t\t\t\t\t\t\t\t<\/div>\n\t\t\t\t<\/div>\n\t\t\t\t<div class=\"elementor-element elementor-element-1ae2074 elementor-widget elementor-widget-button\" data-id=\"1ae2074\" data-element_type=\"widget\" data-e-type=\"widget\" data-widget_type=\"button.default\">\n\t\t\t\t<div class=\"elementor-widget-container\">\n\t\t\t\t\t\t\t\t\t<div class=\"elementor-button-wrapper\">\n\t\t\t\t\t<a class=\"elementor-button elementor-button-link elementor-size-sm\" href=\"https:\/\/www.suedtirolersiedlungen.eu\/it\/product-category\/digitalisate\/planarchiv-karnten-hermagor\/\">\n\t\t\t\t\t\t<span class=\"elementor-button-content-wrapper\">\n\t\t\t\t\t\t\t\t\t<span class=\"elementor-button-text\">Planimetrie<\/span>\n\t\t\t\t\t<\/span>\n\t\t\t\t\t<\/a>\n\t\t\t\t<\/div>\n\t\t\t\t\t\t\t\t<\/div>\n\t\t\t\t<\/div>\n\t\t\t\t\t<\/div>\n\t\t\t\t<\/div>\n\t\t<div class=\"elementor-element elementor-element-5905694 e-flex e-con-boxed wpr-particle-no wpr-jarallax-no wpr-parallax-no wpr-sticky-section-no e-con e-parent\" data-id=\"5905694\" data-element_type=\"container\" data-e-type=\"container\" data-settings=\"{&quot;background_background&quot;:&quot;gradient&quot;,&quot;_ha_eqh_enable&quot;:false}\">\n\t\t\t\t\t<div class=\"e-con-inner\">\n\t\t\t\t<div class=\"elementor-element elementor-element-1353e1f elementor-widget elementor-widget-igmap\" data-id=\"1353e1f\" data-element_type=\"widget\" data-e-type=\"widget\" data-widget_type=\"igmap.default\">\n\t\t\t\t<div class=\"elementor-widget-container\">\n\t\t\t\t\t<div class=\"igmap-elementor-widget\"><div class=\"map_wrapper\" id=\"map_wrapper_201089\">\n<div class=\"map_box\" style=\"max-width:2000px\">\n<div class=\"map_aspect_ratio\" style=\"padding-top:56%\" data-padding-top=\"56%\" data-padding-top-mobile=\"0%\">\n<div class=\"map_container\">\n<div class=\"map_render map_loading\" id=\"map_201089\"><\/div>\n<\/div>\n<\/div>\n<\/div>\n<\/div><\/div>\t\t\t\t<\/div>\n\t\t\t\t<\/div>\n\t\t\t\t<div class=\"elementor-element elementor-element-6aac997 elementor-widget elementor-widget-n-accordion\" data-id=\"6aac997\" data-element_type=\"widget\" data-e-type=\"widget\" data-settings=\"{&quot;max_items_expended&quot;:&quot;multiple&quot;,&quot;default_state&quot;:&quot;expanded&quot;,&quot;n_accordion_animation_duration&quot;:{&quot;unit&quot;:&quot;ms&quot;,&quot;size&quot;:400,&quot;sizes&quot;:[]}}\" data-widget_type=\"nested-accordion.default\">\n\t\t\t\t<div class=\"elementor-widget-container\">\n\t\t\t\t\t\t\t<div class=\"e-n-accordion\" aria-label=\"Accordion. Open links with Enter or Space, close with Escape, and navigate with Arrow Keys\">\n\t\t\t\t\t\t<details id=\"e-n-accordion-item-1110\" class=\"e-n-accordion-item\" open>\n\t\t\t\t<summary class=\"e-n-accordion-item-title\" data-accordion-index=\"1\" tabindex=\"0\" aria-expanded=\"true\" aria-controls=\"e-n-accordion-item-1110\" >\n\t\t\t\t\t<span class='e-n-accordion-item-title-header'><div class=\"e-n-accordion-item-title-text\">  <\/div><\/span>\n\t\t\t\t\t\t\t\t\t<\/summary>\n\t\t\t\t<div role=\"region\" aria-labelledby=\"e-n-accordion-item-1110\" class=\"elementor-element elementor-element-624005b e-con-full e-flex wpr-particle-no wpr-jarallax-no wpr-parallax-no wpr-sticky-section-no e-con e-child\" data-id=\"624005b\" data-element_type=\"container\" data-e-type=\"container\" data-settings=\"{&quot;_ha_eqh_enable&quot;:false}\">\n\t\t\t\t<div class=\"elementor-element elementor-element-41841f8 elementor-widget__width-initial elementor-widget elementor-widget-text-editor\" data-id=\"41841f8\" data-element_type=\"widget\" data-e-type=\"widget\" data-widget_type=\"text-editor.default\">\n\t\t\t\t<div class=\"elementor-widget-container\">\n\t\t\t\t\t\t\t\t\t<p data-start=\"51\" data-end=\"388\">Die S\u00fcdtiroler Siedlung in Hermagor besteht aus zwei versetzten L-f\u00f6rmigen Bauk\u00f6rpern. Der stra\u00dfenseitige Bauk\u00f6rper wird durch vier zweigeschossige Doppelh\u00e4user erg\u00e4nzt. Die Dachlandschaft ist intakt, und einige Dachgeschosse sind ausgebaut.<\/p>\t\t\t\t\t\t\t\t<\/div>\n\t\t\t\t<\/div>\n\t\t\t\t<\/div>\n\t\t\t\t\t<\/details>\n\t\t\t\t\t\t<details id=\"e-n-accordion-item-1111\" class=\"e-n-accordion-item\" >\n\t\t\t\t<summary class=\"e-n-accordion-item-title\" data-accordion-index=\"2\" tabindex=\"-1\" aria-expanded=\"false\" aria-controls=\"e-n-accordion-item-1111\" >\n\t\t\t\t\t<span class='e-n-accordion-item-title-header'><div class=\"e-n-accordion-item-title-text\"> Mehr \u279e <\/div><\/span>\n\t\t\t\t\t\t\t\t\t<\/summary>\n\t\t\t\t<div role=\"region\" aria-labelledby=\"e-n-accordion-item-1111\" class=\"elementor-element elementor-element-87f3c84 e-con-full e-flex wpr-particle-no wpr-jarallax-no wpr-parallax-no wpr-sticky-section-no e-con e-child\" data-id=\"87f3c84\" data-element_type=\"container\" data-e-type=\"container\" data-settings=\"{&quot;_ha_eqh_enable&quot;:false}\">\n\t\t\t\t<div class=\"elementor-element elementor-element-6b5866b elementor-widget__width-initial elementor-widget elementor-widget-text-editor\" data-id=\"6b5866b\" data-element_type=\"widget\" data-e-type=\"widget\" data-widget_type=\"text-editor.default\">\n\t\t\t\t<div class=\"elementor-widget-container\">\n\t\t\t\t\t\t\t\t\t<div class=\"flex max-w-full flex-col flex-grow\">Eine gro\u00dfe Linde dominiert den zentralen Erschlie\u00dfungspunkt entlang der Gailtalstra\u00dfe. Die Siedlung ist nach S\u00fcden ausgerichtet und zeichnet sich durch fassadenb\u00fcndige, zweigeschossige Loggien aus, die an der Vorderseite verglast sind. Der Haupteingang ist zur\u00fcckversetzt, wodurch eine torbreite Vorhalle entsteht. Eine kleine Au\u00dfentreppe mit drei Stufen f\u00fchrt ins Innere. Ein gebusteter Torbogen rahmt den Eingangsbereich. Der Keller bietet verschiedene Nebenr\u00e4ume wie Fahrradraum, Waschk\u00fcche, Kohlenkeller, Vorratsraum, Holzlege und einen Luftschutzraum.<\/div>\t\t\t\t\t\t\t\t<\/div>\n\t\t\t\t<\/div>\n\t\t\t\t<\/div>\n\t\t\t\t\t<\/details>\n\t\t\t\t\t\t<details id=\"e-n-accordion-item-1112\" class=\"e-n-accordion-item\" >\n\t\t\t\t<summary class=\"e-n-accordion-item-title\" data-accordion-index=\"3\" tabindex=\"-1\" aria-expanded=\"false\" aria-controls=\"e-n-accordion-item-1112\" >\n\t\t\t\t\t<span class='e-n-accordion-item-title-header'><div class=\"e-n-accordion-item-title-text\"> Buch: S\u00fcdtiroler Siedlungen - Condominium in Mind, Seite 291 <\/div><\/span>\n\t\t\t\t\t\t\t\t\t<\/summary>\n\t\t\t\t<div role=\"region\" aria-labelledby=\"e-n-accordion-item-1112\" class=\"elementor-element elementor-element-dbf15cc e-con-full e-flex wpr-particle-no wpr-jarallax-no wpr-parallax-no wpr-sticky-section-no e-con e-child\" data-id=\"dbf15cc\" data-element_type=\"container\" data-e-type=\"container\" data-settings=\"{&quot;_ha_eqh_enable&quot;:false}\">\n\t\t\t\t<div class=\"elementor-element elementor-element-d8f0bd3 elementor-widget elementor-widget-image\" data-id=\"d8f0bd3\" data-element_type=\"widget\" data-e-type=\"widget\" data-widget_type=\"image.default\">\n\t\t\t\t<div class=\"elementor-widget-container\">\n\t\t\t\t\t\t\t\t\t\t\t\t\t\t\t\t<a href=\"https:\/\/www.suedtirolersiedlungen.eu\/it\/buch\/\">\n\t\t\t\t\t\t\t<img decoding=\"async\" src=\"https:\/\/www.suedtirolersiedlungen.eu\/wp-content\/uploads\/elementor\/thumbs\/Umschlag-r47qb5gwap7lpgvjfcilhh6i85jclmehkwc1p1qvx0.jpg\" title=\"Umschlag Kuratorium Siedlungen Weger OK.indd\" alt=\"Umschlag Kuratorium Siedlungen Weger OK.indd\" loading=\"lazy\" \/>\t\t\t\t\t\t\t\t<\/a>\n\t\t\t\t\t\t\t\t\t\t\t\t\t\t\t<\/div>\n\t\t\t\t<\/div>\n\t\t\t\t<div class=\"elementor-element elementor-element-968efca elementor-align-center elementor-widget elementor-widget-button\" data-id=\"968efca\" data-element_type=\"widget\" data-e-type=\"widget\" data-widget_type=\"button.default\">\n\t\t\t\t<div class=\"elementor-widget-container\">\n\t\t\t\t\t\t\t\t\t<div class=\"elementor-button-wrapper\">\n\t\t\t\t\t<a class=\"elementor-button elementor-button-link elementor-size-sm\" href=\"https:\/\/www.suedtirolersiedlungen.eu\/it\/buch\/\">\n\t\t\t\t\t\t<span class=\"elementor-button-content-wrapper\">\n\t\t\t\t\t\t\t\t\t<span class=\"elementor-button-text\">Al libro<\/span>\n\t\t\t\t\t<\/span>\n\t\t\t\t\t<\/a>\n\t\t\t\t<\/div>\n\t\t\t\t\t\t\t\t<\/div>\n\t\t\t\t<\/div>\n\t\t\t\t<\/div>\n\t\t\t\t\t<\/details>\n\t\t\t\t\t<\/div>\n\t\t\t\t\t\t<\/div>\n\t\t\t\t<\/div>\n\t\t\t\t\t<\/div>\n\t\t\t\t<\/div>\n\t\t\t\t<\/div>","protected":false},"excerpt":{"rendered":"<p>\u2b05 K\u00e4rnten HERMAGOR Aktuelle Fotos Historische Fotos Planarchiv Preview Only Die S\u00fcdtiroler Siedlung in Hermagor besteht aus zwei versetzten L-f\u00f6rmigen Bauk\u00f6rpern. Der stra\u00dfenseitige Bauk\u00f6rper wird durch vier zweigeschossige Doppelh\u00e4user erg\u00e4nzt. Die Dachlandschaft ist intakt, und einige Dachgeschosse sind ausgebaut. Mehr \u279e Eine gro\u00dfe Linde dominiert den zentralen Erschlie\u00dfungspunkt entlang der Gailtalstra\u00dfe. Die Siedlung ist nach S\u00fcden ausgerichtet und zeichnet sich durch fassadenb\u00fcndige, zweigeschossige Loggien aus, die an der Vorderseite verglast sind. Der Haupteingang ist zur\u00fcckversetzt, wodurch eine torbreite Vorhalle entsteht. Eine kleine Au\u00dfentreppe mit drei Stufen f\u00fchrt ins Innere. Ein gebusteter Torbogen rahmt den Eingangsbereich. Der Keller bietet verschiedene Nebenr\u00e4ume wie Fahrradraum, Waschk\u00fcche, Kohlenkeller, Vorratsraum, Holzlege und einen Luftschutzraum. Buch: S\u00fcdtiroler Siedlungen &#8211; Condominium in Mind, Seite 291 Zum Buch Die S\u00fcdtiroler Siedlung in Hermagor besteht aus zwei versetzten L-f\u00f6rmigen Bauk\u00f6rpern. Der stra\u00dfenseitige Bauk\u00f6rper wird durch vier zweigeschossige Doppelh\u00e4user erg\u00e4nzt. Die Dachlandschaft ist intakt, und einige Dachgeschosse sind ausgebaut. Eine gro\u00dfe Linde dominiert den zentralen Erschlie\u00dfungspunkt entlang der Gailtalstra\u00dfe. Die Siedlung ist nach S\u00fcden ausgerichtet und zeichnet sich durch fassadenb\u00fcndige, zweigeschossige Loggien aus, die an der Vorderseite verglast sind. Der Haupteingang ist zur\u00fcckversetzt, wodurch eine torbreite Vorhalle entsteht. Eine kleine Au\u00dfentreppe mit drei Stufen f\u00fchrt ins Innere. Ein gebusteter Torbogen rahmt den Eingangsbereich. Der Keller bietet verschiedene Nebenr\u00e4ume wie Fahrradraum, Waschk\u00fcche, Kohlenkeller, Vorratsraum, Holzlege und einen Luftschutzraum. Zum Buch<\/p>","protected":false},"author":2,"featured_media":0,"parent":180265,"menu_order":0,"comment_status":"closed","ping_status":"closed","template":"","meta":{"ocean_post_layout":"full-screen","ocean_both_sidebars_style":"","ocean_both_sidebars_content_width":0,"ocean_both_sidebars_sidebars_width":0,"ocean_sidebar":"","ocean_second_sidebar":"","ocean_disable_margins":"enable","ocean_add_body_class":"","ocean_shortcode_before_top_bar":"","ocean_shortcode_after_top_bar":"","ocean_shortcode_before_header":"","ocean_shortcode_after_header":"","ocean_has_shortcode":"","ocean_shortcode_after_title":"","ocean_shortcode_before_footer_widgets":"","ocean_shortcode_after_footer_widgets":"","ocean_shortcode_before_footer_bottom":"","ocean_shortcode_after_footer_bottom":"","ocean_display_top_bar":"off","ocean_display_header":"off","ocean_header_style":"custom","ocean_center_header_left_menu":"","ocean_custom_header_template":"","ocean_custom_logo":0,"ocean_custom_retina_logo":0,"ocean_custom_logo_max_width":0,"ocean_custom_logo_tablet_max_width":0,"ocean_custom_logo_mobile_max_width":0,"ocean_custom_logo_max_height":0,"ocean_custom_logo_tablet_max_height":0,"ocean_custom_logo_mobile_max_height":0,"ocean_header_custom_menu":"","ocean_menu_typo_font_family":"","ocean_menu_typo_font_subset":"","ocean_menu_typo_font_size":0,"ocean_menu_typo_font_size_tablet":0,"ocean_menu_typo_font_size_mobile":0,"ocean_menu_typo_font_size_unit":"px","ocean_menu_typo_font_weight":"","ocean_menu_typo_font_weight_tablet":"","ocean_menu_typo_font_weight_mobile":"","ocean_menu_typo_transform":"","ocean_menu_typo_transform_tablet":"","ocean_menu_typo_transform_mobile":"","ocean_menu_typo_line_height":0,"ocean_menu_typo_line_height_tablet":0,"ocean_menu_typo_line_height_mobile":0,"ocean_menu_typo_line_height_unit":"","ocean_menu_typo_spacing":0,"ocean_menu_typo_spacing_tablet":0,"ocean_menu_typo_spacing_mobile":0,"ocean_menu_typo_spacing_unit":"","ocean_menu_link_color":"","ocean_menu_link_color_hover":"","ocean_menu_link_color_active":"","ocean_menu_link_background":"","ocean_menu_link_hover_background":"","ocean_menu_link_active_background":"","ocean_menu_social_links_bg":"","ocean_menu_social_hover_links_bg":"","ocean_menu_social_links_color":"","ocean_menu_social_hover_links_color":"","ocean_disable_title":"on","ocean_disable_heading":"default","ocean_post_title":"","ocean_post_subheading":"","ocean_post_title_style":"","ocean_post_title_background_color":"","ocean_post_title_background":0,"ocean_post_title_bg_image_position":"","ocean_post_title_bg_image_attachment":"","ocean_post_title_bg_image_repeat":"","ocean_post_title_bg_image_size":"","ocean_post_title_height":0,"ocean_post_title_bg_overlay":0.5,"ocean_post_title_bg_overlay_color":"","ocean_disable_breadcrumbs":"default","ocean_breadcrumbs_color":"","ocean_breadcrumbs_separator_color":"","ocean_breadcrumbs_links_color":"","ocean_breadcrumbs_links_hover_color":"","ocean_display_footer_widgets":"off","ocean_display_footer_bottom":"off","ocean_custom_footer_template":"","footnotes":""},"categories":[350],"class_list":["post-180386","page","type-page","status-publish","hentry","category-gemeinden","entry","owp-thumbs-layout-horizontal","owp-btn-normal","owp-tabs-layout-horizontal","has-no-thumbnails","has-product-nav"],"_links":{"self":[{"href":"https:\/\/www.suedtirolersiedlungen.eu\/it\/wp-json\/wp\/v2\/pages\/180386","targetHints":{"allow":["GET"]}}],"collection":[{"href":"https:\/\/www.suedtirolersiedlungen.eu\/it\/wp-json\/wp\/v2\/pages"}],"about":[{"href":"https:\/\/www.suedtirolersiedlungen.eu\/it\/wp-json\/wp\/v2\/types\/page"}],"author":[{"embeddable":true,"href":"https:\/\/www.suedtirolersiedlungen.eu\/it\/wp-json\/wp\/v2\/users\/2"}],"replies":[{"embeddable":true,"href":"https:\/\/www.suedtirolersiedlungen.eu\/it\/wp-json\/wp\/v2\/comments?post=180386"}],"version-history":[{"count":3,"href":"https:\/\/www.suedtirolersiedlungen.eu\/it\/wp-json\/wp\/v2\/pages\/180386\/revisions"}],"predecessor-version":[{"id":209119,"href":"https:\/\/www.suedtirolersiedlungen.eu\/it\/wp-json\/wp\/v2\/pages\/180386\/revisions\/209119"}],"up":[{"embeddable":true,"href":"https:\/\/www.suedtirolersiedlungen.eu\/it\/wp-json\/wp\/v2\/pages\/180265"}],"wp:attachment":[{"href":"https:\/\/www.suedtirolersiedlungen.eu\/it\/wp-json\/wp\/v2\/media?parent=180386"}],"wp:term":[{"taxonomy":"category","embeddable":true,"href":"https:\/\/www.suedtirolersiedlungen.eu\/it\/wp-json\/wp\/v2\/categories?post=180386"}],"curies":[{"name":"wp","href":"https:\/\/api.w.org\/{rel}","templated":true}]}}