{"id":180542,"date":"2024-09-30T17:04:54","date_gmt":"2024-09-30T15:04:54","guid":{"rendered":"http:\/\/sdtiroler-siedlungen-new.local\/?page_id=180542"},"modified":"2025-04-13T18:14:37","modified_gmt":"2025-04-13T16:14:37","slug":"weiz","status":"publish","type":"page","link":"https:\/\/www.suedtirolersiedlungen.eu\/it\/bundeslander\/steiermark\/weiz\/","title":{"rendered":"Weiz"},"content":{"rendered":"<div data-elementor-type=\"wp-page\" data-elementor-id=\"180542\" class=\"elementor elementor-180542\" data-elementor-settings=\"{&quot;ha_cmc_init_switcher&quot;:&quot;no&quot;}\">\n\t\t\t\t<div class=\"elementor-element elementor-element-9118b46 e-flex e-con-boxed wpr-particle-no wpr-jarallax-no wpr-parallax-no wpr-sticky-section-no e-con e-parent\" data-id=\"9118b46\" data-element_type=\"container\" data-e-type=\"container\" data-settings=\"{&quot;_ha_eqh_enable&quot;:false}\">\n\t\t\t\t\t<div class=\"e-con-inner\">\n\t\t\t\t<div class=\"elementor-element elementor-element-913534c elementor-align-right elementor-widget elementor-widget-button\" data-id=\"913534c\" data-element_type=\"widget\" data-e-type=\"widget\" data-widget_type=\"button.default\">\n\t\t\t\t<div class=\"elementor-widget-container\">\n\t\t\t\t\t\t\t\t\t<div class=\"elementor-button-wrapper\">\n\t\t\t\t\t<a class=\"elementor-button elementor-button-link elementor-size-sm\" href=\"https:\/\/www.suedtirolersiedlungen.eu\/it\/bundeslander\/steiermark\/\">\n\t\t\t\t\t\t<span class=\"elementor-button-content-wrapper\">\n\t\t\t\t\t\t\t\t\t<span class=\"elementor-button-text\">\u2b05 Steiermark<\/span>\n\t\t\t\t\t<\/span>\n\t\t\t\t\t<\/a>\n\t\t\t\t<\/div>\n\t\t\t\t\t\t\t\t<\/div>\n\t\t\t\t<\/div>\n\t\t\t\t\t<\/div>\n\t\t\t\t<\/div>\n\t\t<div class=\"elementor-element elementor-element-c41dc50 e-flex e-con-boxed wpr-particle-no wpr-jarallax-no wpr-parallax-no wpr-sticky-section-no e-con e-parent\" data-id=\"c41dc50\" data-element_type=\"container\" data-e-type=\"container\" data-settings=\"{&quot;_ha_eqh_enable&quot;:false}\">\n\t\t\t\t\t<div class=\"e-con-inner\">\n\t\t\t\t<div class=\"elementor-element elementor-element-9e4d1c8 elementor-widget elementor-widget-heading\" data-id=\"9e4d1c8\" data-element_type=\"widget\" data-e-type=\"widget\" data-widget_type=\"heading.default\">\n\t\t\t\t<div class=\"elementor-widget-container\">\n\t\t\t\t\t<h2 class=\"elementor-heading-title elementor-size-default\">WEIZ<\/h2>\t\t\t\t<\/div>\n\t\t\t\t<\/div>\n\t\t\t\t\t<\/div>\n\t\t\t\t<\/div>\n\t\t<div class=\"elementor-element elementor-element-06b28d9 e-flex e-con-boxed wpr-particle-no wpr-jarallax-no wpr-parallax-no wpr-sticky-section-no e-con e-parent\" data-id=\"06b28d9\" data-element_type=\"container\" data-e-type=\"container\" data-settings=\"{&quot;_ha_eqh_enable&quot;:false}\">\n\t\t\t\t\t<div class=\"e-con-inner\">\n\t\t\t\t<div class=\"elementor-element elementor-element-a9cbb19 elementor-widget elementor-widget-button\" data-id=\"a9cbb19\" data-element_type=\"widget\" data-e-type=\"widget\" data-widget_type=\"button.default\">\n\t\t\t\t<div class=\"elementor-widget-container\">\n\t\t\t\t\t\t\t\t\t<div class=\"elementor-button-wrapper\">\n\t\t\t\t\t<a class=\"elementor-button elementor-button-link elementor-size-sm\" href=\"https:\/\/www.suedtirolersiedlungen.eu\/it\/product-category\/digitalisate\/aktuelle-fotos-steiermark-weiz\/\">\n\t\t\t\t\t\t<span class=\"elementor-button-content-wrapper\">\n\t\t\t\t\t\t\t\t\t<span class=\"elementor-button-text\">Foto attuali<\/span>\n\t\t\t\t\t<\/span>\n\t\t\t\t\t<\/a>\n\t\t\t\t<\/div>\n\t\t\t\t\t\t\t\t<\/div>\n\t\t\t\t<\/div>\n\t\t\t\t<div class=\"elementor-element elementor-element-77756da elementor-widget elementor-widget-button\" data-id=\"77756da\" data-element_type=\"widget\" data-e-type=\"widget\" data-widget_type=\"button.default\">\n\t\t\t\t<div class=\"elementor-widget-container\">\n\t\t\t\t\t\t\t\t\t<div class=\"elementor-button-wrapper\">\n\t\t\t\t\t<a class=\"elementor-button elementor-button-link elementor-size-sm\" href=\"https:\/\/www.suedtirolersiedlungen.eu\/it\/product-category\/digitalisate\/historische-fotos-steiermark-weiz\/\">\n\t\t\t\t\t\t<span class=\"elementor-button-content-wrapper\">\n\t\t\t\t\t\t\t\t\t<span class=\"elementor-button-text\">Foto storiche<\/span>\n\t\t\t\t\t<\/span>\n\t\t\t\t\t<\/a>\n\t\t\t\t<\/div>\n\t\t\t\t\t\t\t\t<\/div>\n\t\t\t\t<\/div>\n\t\t\t\t\t<\/div>\n\t\t\t\t<\/div>\n\t\t<div class=\"elementor-element elementor-element-a72976c e-flex e-con-boxed wpr-particle-no wpr-jarallax-no wpr-parallax-no wpr-sticky-section-no e-con e-parent\" data-id=\"a72976c\" data-element_type=\"container\" data-e-type=\"container\" data-settings=\"{&quot;background_background&quot;:&quot;gradient&quot;,&quot;_ha_eqh_enable&quot;:false}\">\n\t\t\t\t\t<div class=\"e-con-inner\">\n\t\t\t\t<div class=\"elementor-element elementor-element-a6bd1fc elementor-widget elementor-widget-igmap\" data-id=\"a6bd1fc\" data-element_type=\"widget\" data-e-type=\"widget\" data-widget_type=\"igmap.default\">\n\t\t\t\t<div class=\"elementor-widget-container\">\n\t\t\t\t\t<div class=\"igmap-elementor-widget\"><div class=\"map_wrapper\" id=\"map_wrapper_201434\">\n<div class=\"map_box\" style=\"max-width:2000px\">\n<div class=\"map_aspect_ratio\" style=\"padding-top:56%\" data-padding-top=\"56%\" data-padding-top-mobile=\"0%\">\n<div class=\"map_container\">\n<div class=\"map_render map_loading\" id=\"map_201434\"><\/div>\n<\/div>\n<\/div>\n<\/div>\n<\/div><\/div>\t\t\t\t<\/div>\n\t\t\t\t<\/div>\n\t\t\t\t<div class=\"elementor-element elementor-element-1187f44 elementor-widget elementor-widget-n-accordion\" data-id=\"1187f44\" data-element_type=\"widget\" data-e-type=\"widget\" data-settings=\"{&quot;max_items_expended&quot;:&quot;multiple&quot;,&quot;default_state&quot;:&quot;expanded&quot;,&quot;n_accordion_animation_duration&quot;:{&quot;unit&quot;:&quot;ms&quot;,&quot;size&quot;:400,&quot;sizes&quot;:[]}}\" data-widget_type=\"nested-accordion.default\">\n\t\t\t\t<div class=\"elementor-widget-container\">\n\t\t\t\t\t\t\t<div class=\"e-n-accordion\" aria-label=\"Accordion. Open links with Enter or Space, close with Escape, and navigate with Arrow Keys\">\n\t\t\t\t\t\t<details id=\"e-n-accordion-item-1830\" class=\"e-n-accordion-item\" open>\n\t\t\t\t<summary class=\"e-n-accordion-item-title\" data-accordion-index=\"1\" tabindex=\"0\" aria-expanded=\"true\" aria-controls=\"e-n-accordion-item-1830\" >\n\t\t\t\t\t<span class='e-n-accordion-item-title-header'><div class=\"e-n-accordion-item-title-text\">  <\/div><\/span>\n\t\t\t\t\t\t\t\t\t<\/summary>\n\t\t\t\t<div role=\"region\" aria-labelledby=\"e-n-accordion-item-1830\" class=\"elementor-element elementor-element-ee8b003 e-con-full e-flex wpr-particle-no wpr-jarallax-no wpr-parallax-no wpr-sticky-section-no e-con e-child\" data-id=\"ee8b003\" data-element_type=\"container\" data-e-type=\"container\" data-settings=\"{&quot;_ha_eqh_enable&quot;:false}\">\n\t\t\t\t<div class=\"elementor-element elementor-element-bba7d34 elementor-widget__width-initial elementor-widget elementor-widget-text-editor\" data-id=\"bba7d34\" data-element_type=\"widget\" data-e-type=\"widget\" data-widget_type=\"text-editor.default\">\n\t\t\t\t<div class=\"elementor-widget-container\">\n\t\t\t\t\t\t\t\t\t<p data-start=\"51\" data-end=\"388\">Die S\u00fcdtiroler Siedlung in Weiz liegt an einem Hang zwischen der Marburger Stra\u00dfe und der Vogelweidergasse. Ihre Struktur basiert auf einem durchgehenden Bauk\u00f6rper entlang des Hangs, der sich zur Landschaft hin in einzelne Geb\u00e4ude aufl\u00f6st.<\/p>\t\t\t\t\t\t\t\t<\/div>\n\t\t\t\t<\/div>\n\t\t\t\t<\/div>\n\t\t\t\t\t<\/details>\n\t\t\t\t\t\t<details id=\"e-n-accordion-item-1831\" class=\"e-n-accordion-item\" >\n\t\t\t\t<summary class=\"e-n-accordion-item-title\" data-accordion-index=\"2\" tabindex=\"-1\" aria-expanded=\"false\" aria-controls=\"e-n-accordion-item-1831\" >\n\t\t\t\t\t<span class='e-n-accordion-item-title-header'><div class=\"e-n-accordion-item-title-text\"> Mehr \u279e <\/div><\/span>\n\t\t\t\t\t\t\t\t\t<\/summary>\n\t\t\t\t<div role=\"region\" aria-labelledby=\"e-n-accordion-item-1831\" class=\"elementor-element elementor-element-2daa6f1 e-con-full e-flex wpr-particle-no wpr-jarallax-no wpr-parallax-no wpr-sticky-section-no e-con e-child\" data-id=\"2daa6f1\" data-element_type=\"container\" data-e-type=\"container\" data-settings=\"{&quot;_ha_eqh_enable&quot;:false}\">\n\t\t\t\t<div class=\"elementor-element elementor-element-ab28b7f elementor-widget__width-initial elementor-widget elementor-widget-text-editor\" data-id=\"ab28b7f\" data-element_type=\"widget\" data-e-type=\"widget\" data-widget_type=\"text-editor.default\">\n\t\t\t\t<div class=\"elementor-widget-container\">\n\t\t\t\t\t\t\t\t\t<div class=\"flex max-w-full flex-col flex-grow\">Das Konzept verbindet Architektur mit der Topographie und dem Wegenetz, wodurch eine abwechslungsreiche und ortsbezogene Siedlung entsteht. Die Dachlandschaft verst\u00e4rkt die bauliche Einheit, wobei Verbindungsfl\u00e4chen die Geb\u00e4ude zusammenf\u00fchren. Ein besonderes architektonisches Merkmal ist die Weiterentwicklung des Walmdaches, erg\u00e4nzt durch charakteristische Fenster und Doppelgauben. Oberlicht-Fenster betonen die Hauseing\u00e4nge, w\u00e4hrend Lichtgr\u00e4ben zur Drainage des Hangwassers dienen. Die dichte Bebauung wird durch gepflegte Nutzg\u00e4rten zur Selbstversorgung aufgelockert.<\/div>\t\t\t\t\t\t\t\t<\/div>\n\t\t\t\t<\/div>\n\t\t\t\t<\/div>\n\t\t\t\t\t<\/details>\n\t\t\t\t\t\t<details id=\"e-n-accordion-item-1832\" class=\"e-n-accordion-item\" >\n\t\t\t\t<summary class=\"e-n-accordion-item-title\" data-accordion-index=\"3\" tabindex=\"-1\" aria-expanded=\"false\" aria-controls=\"e-n-accordion-item-1832\" >\n\t\t\t\t\t<span class='e-n-accordion-item-title-header'><div class=\"e-n-accordion-item-title-text\"> Buch: S\u00fcdtiroler Siedlungen - Condominium in Mind, Seite 527 <\/div><\/span>\n\t\t\t\t\t\t\t\t\t<\/summary>\n\t\t\t\t<div role=\"region\" aria-labelledby=\"e-n-accordion-item-1832\" class=\"elementor-element elementor-element-22a6c05 e-con-full e-flex wpr-particle-no wpr-jarallax-no wpr-parallax-no wpr-sticky-section-no e-con e-child\" data-id=\"22a6c05\" data-element_type=\"container\" data-e-type=\"container\" data-settings=\"{&quot;_ha_eqh_enable&quot;:false}\">\n\t\t\t\t<div class=\"elementor-element elementor-element-7b42f86 elementor-widget elementor-widget-image\" data-id=\"7b42f86\" data-element_type=\"widget\" data-e-type=\"widget\" data-widget_type=\"image.default\">\n\t\t\t\t<div class=\"elementor-widget-container\">\n\t\t\t\t\t\t\t\t\t\t\t\t\t\t\t\t<a href=\"https:\/\/www.suedtirolersiedlungen.eu\/it\/buch\/\">\n\t\t\t\t\t\t\t<img decoding=\"async\" src=\"https:\/\/www.suedtirolersiedlungen.eu\/wp-content\/uploads\/elementor\/thumbs\/Umschlag-r47qb5gwap7lpgvjfcilhh6i85jclmehkwc1p1qvx0.jpg\" title=\"Umschlag Kuratorium Siedlungen Weger OK.indd\" alt=\"Umschlag Kuratorium Siedlungen Weger OK.indd\" loading=\"lazy\" \/>\t\t\t\t\t\t\t\t<\/a>\n\t\t\t\t\t\t\t\t\t\t\t\t\t\t\t<\/div>\n\t\t\t\t<\/div>\n\t\t\t\t<div class=\"elementor-element elementor-element-34edbc0 elementor-align-center elementor-widget elementor-widget-button\" data-id=\"34edbc0\" data-element_type=\"widget\" data-e-type=\"widget\" data-widget_type=\"button.default\">\n\t\t\t\t<div class=\"elementor-widget-container\">\n\t\t\t\t\t\t\t\t\t<div class=\"elementor-button-wrapper\">\n\t\t\t\t\t<a class=\"elementor-button elementor-button-link elementor-size-sm\" href=\"https:\/\/www.suedtirolersiedlungen.eu\/it\/buch\/\">\n\t\t\t\t\t\t<span class=\"elementor-button-content-wrapper\">\n\t\t\t\t\t\t\t\t\t<span class=\"elementor-button-text\">Al libro<\/span>\n\t\t\t\t\t<\/span>\n\t\t\t\t\t<\/a>\n\t\t\t\t<\/div>\n\t\t\t\t\t\t\t\t<\/div>\n\t\t\t\t<\/div>\n\t\t\t\t<\/div>\n\t\t\t\t\t<\/details>\n\t\t\t\t\t<\/div>\n\t\t\t\t\t\t<\/div>\n\t\t\t\t<\/div>\n\t\t\t\t\t<\/div>\n\t\t\t\t<\/div>\n\t\t\t\t<\/div>","protected":false},"excerpt":{"rendered":"<p>\u2b05 Steiermark WEIZ Aktuelle Fotos Historische Fotos Preview Only Die S\u00fcdtiroler Siedlung in Weiz liegt an einem Hang zwischen der Marburger Stra\u00dfe und der Vogelweidergasse. Ihre Struktur basiert auf einem durchgehenden Bauk\u00f6rper entlang des Hangs, der sich zur Landschaft hin in einzelne Geb\u00e4ude aufl\u00f6st. Mehr \u279e Das Konzept verbindet Architektur mit der Topographie und dem Wegenetz, wodurch eine abwechslungsreiche und ortsbezogene Siedlung entsteht. Die Dachlandschaft verst\u00e4rkt die bauliche Einheit, wobei Verbindungsfl\u00e4chen die Geb\u00e4ude zusammenf\u00fchren. Ein besonderes architektonisches Merkmal ist die Weiterentwicklung des Walmdaches, erg\u00e4nzt durch charakteristische Fenster und Doppelgauben. Oberlicht-Fenster betonen die Hauseing\u00e4nge, w\u00e4hrend Lichtgr\u00e4ben zur Drainage des Hangwassers dienen. Die dichte Bebauung wird durch gepflegte Nutzg\u00e4rten zur Selbstversorgung aufgelockert. Buch: S\u00fcdtiroler Siedlungen &#8211; Condominium in Mind, Seite 527 Zum Buch Die S\u00fcdtiroler Siedlung in Weiz liegt an einem Hang zwischen der Marburger Stra\u00dfe und der Vogelweidergasse. Ihre Struktur basiert auf einem durchgehenden Bauk\u00f6rper entlang des Hangs, der sich zur Landschaft hin in einzelne Geb\u00e4ude aufl\u00f6st. Das Konzept verbindet Architektur mit der Topographie und dem Wegenetz, wodurch eine abwechslungsreiche und ortsbezogene Siedlung entsteht. Die Dachlandschaft verst\u00e4rkt die bauliche Einheit, wobei Verbindungsfl\u00e4chen die Geb\u00e4ude zusammenf\u00fchren. Ein besonderes architektonisches Merkmal ist die Weiterentwicklung des Walmdaches, erg\u00e4nzt durch charakteristische Fenster und Doppelgauben. Oberlicht-Fenster betonen die Hauseing\u00e4nge, w\u00e4hrend Lichtgr\u00e4ben zur Drainage des Hangwassers dienen. Die dichte Bebauung wird durch gepflegte Nutzg\u00e4rten zur Selbstversorgung aufgelockert. Zum Buch<\/p>","protected":false},"author":2,"featured_media":0,"parent":180267,"menu_order":0,"comment_status":"closed","ping_status":"closed","template":"","meta":{"ocean_post_layout":"full-screen","ocean_both_sidebars_style":"","ocean_both_sidebars_content_width":0,"ocean_both_sidebars_sidebars_width":0,"ocean_sidebar":"","ocean_second_sidebar":"","ocean_disable_margins":"enable","ocean_add_body_class":"","ocean_shortcode_before_top_bar":"","ocean_shortcode_after_top_bar":"","ocean_shortcode_before_header":"","ocean_shortcode_after_header":"","ocean_has_shortcode":"","ocean_shortcode_after_title":"","ocean_shortcode_before_footer_widgets":"","ocean_shortcode_after_footer_widgets":"","ocean_shortcode_before_footer_bottom":"","ocean_shortcode_after_footer_bottom":"","ocean_display_top_bar":"off","ocean_display_header":"off","ocean_header_style":"custom","ocean_center_header_left_menu":"","ocean_custom_header_template":"","ocean_custom_logo":0,"ocean_custom_retina_logo":0,"ocean_custom_logo_max_width":0,"ocean_custom_logo_tablet_max_width":0,"ocean_custom_logo_mobile_max_width":0,"ocean_custom_logo_max_height":0,"ocean_custom_logo_tablet_max_height":0,"ocean_custom_logo_mobile_max_height":0,"ocean_header_custom_menu":"","ocean_menu_typo_font_family":"","ocean_menu_typo_font_subset":"","ocean_menu_typo_font_size":0,"ocean_menu_typo_font_size_tablet":0,"ocean_menu_typo_font_size_mobile":0,"ocean_menu_typo_font_size_unit":"px","ocean_menu_typo_font_weight":"","ocean_menu_typo_font_weight_tablet":"","ocean_menu_typo_font_weight_mobile":"","ocean_menu_typo_transform":"","ocean_menu_typo_transform_tablet":"","ocean_menu_typo_transform_mobile":"","ocean_menu_typo_line_height":0,"ocean_menu_typo_line_height_tablet":0,"ocean_menu_typo_line_height_mobile":0,"ocean_menu_typo_line_height_unit":"","ocean_menu_typo_spacing":0,"ocean_menu_typo_spacing_tablet":0,"ocean_menu_typo_spacing_mobile":0,"ocean_menu_typo_spacing_unit":"","ocean_menu_link_color":"","ocean_menu_link_color_hover":"","ocean_menu_link_color_active":"","ocean_menu_link_background":"","ocean_menu_link_hover_background":"","ocean_menu_link_active_background":"","ocean_menu_social_links_bg":"","ocean_menu_social_hover_links_bg":"","ocean_menu_social_links_color":"","ocean_menu_social_hover_links_color":"","ocean_disable_title":"on","ocean_disable_heading":"default","ocean_post_title":"","ocean_post_subheading":"","ocean_post_title_style":"","ocean_post_title_background_color":"","ocean_post_title_background":0,"ocean_post_title_bg_image_position":"","ocean_post_title_bg_image_attachment":"","ocean_post_title_bg_image_repeat":"","ocean_post_title_bg_image_size":"","ocean_post_title_height":0,"ocean_post_title_bg_overlay":0.5,"ocean_post_title_bg_overlay_color":"","ocean_disable_breadcrumbs":"default","ocean_breadcrumbs_color":"","ocean_breadcrumbs_separator_color":"","ocean_breadcrumbs_links_color":"","ocean_breadcrumbs_links_hover_color":"","ocean_display_footer_widgets":"off","ocean_display_footer_bottom":"off","ocean_custom_footer_template":"","footnotes":""},"categories":[350],"class_list":["post-180542","page","type-page","status-publish","hentry","category-gemeinden","entry","owp-thumbs-layout-horizontal","owp-btn-normal","owp-tabs-layout-horizontal","has-no-thumbnails","has-product-nav"],"_links":{"self":[{"href":"https:\/\/www.suedtirolersiedlungen.eu\/it\/wp-json\/wp\/v2\/pages\/180542","targetHints":{"allow":["GET"]}}],"collection":[{"href":"https:\/\/www.suedtirolersiedlungen.eu\/it\/wp-json\/wp\/v2\/pages"}],"about":[{"href":"https:\/\/www.suedtirolersiedlungen.eu\/it\/wp-json\/wp\/v2\/types\/page"}],"author":[{"embeddable":true,"href":"https:\/\/www.suedtirolersiedlungen.eu\/it\/wp-json\/wp\/v2\/users\/2"}],"replies":[{"embeddable":true,"href":"https:\/\/www.suedtirolersiedlungen.eu\/it\/wp-json\/wp\/v2\/comments?post=180542"}],"version-history":[{"count":6,"href":"https:\/\/www.suedtirolersiedlungen.eu\/it\/wp-json\/wp\/v2\/pages\/180542\/revisions"}],"predecessor-version":[{"id":209235,"href":"https:\/\/www.suedtirolersiedlungen.eu\/it\/wp-json\/wp\/v2\/pages\/180542\/revisions\/209235"}],"up":[{"embeddable":true,"href":"https:\/\/www.suedtirolersiedlungen.eu\/it\/wp-json\/wp\/v2\/pages\/180267"}],"wp:attachment":[{"href":"https:\/\/www.suedtirolersiedlungen.eu\/it\/wp-json\/wp\/v2\/media?parent=180542"}],"wp:term":[{"taxonomy":"category","embeddable":true,"href":"https:\/\/www.suedtirolersiedlungen.eu\/it\/wp-json\/wp\/v2\/categories?post=180542"}],"curies":[{"name":"wp","href":"https:\/\/api.w.org\/{rel}","templated":true}]}}